{"id":7791,"date":"2025-01-12T14:17:35","date_gmt":"2025-01-12T12:17:35","guid":{"rendered":"https:\/\/trixs.ee\/?page_id=7791"},"modified":"2025-01-12T14:17:58","modified_gmt":"2025-01-12T12:17:58","slug":"welcome-to-estonia","status":"publish","type":"page","link":"https:\/\/www.trixs.ee\/en\/welcome-to-estonia\/","title":{"rendered":"WELCOME TO ESTONIA"},"content":{"rendered":"<div class=\"wpb-content-wrapper\">[vc_row css=&#8221;.vc_custom_1682156853187{background-image: url(https:\/\/trixs.ee\/wp-content\/uploads\/2023\/04\/page__hero-bg-new-scaled.jpg?id=3787) !important;background-position: center !important;background-repeat: no-repeat !important;background-size: cover !important;}&#8221; el_class=&#8221;subhero&#8221;][vc_column][vc_custom_heading text=&#8221;WELCOME TO ESTONIA&#8221; font_container=&#8221;tag:h1|font_size:80px|text_align:left|color:%23ffffff|line_height:100px&#8221; google_fonts=&#8221;font_family:Muli%3A300%2C300italic%2Cregular%2Citalic|font_style:400%20regular%3A400%3Anormal&#8221; css=&#8221;.vc_custom_1736684013720{padding-top: 120px !important;padding-bottom: 40px !important;}&#8221;][\/vc_column][\/vc_row][vc_row css=&#8221;.vc_custom_1652269294084{padding-bottom: 25px !important;}&#8221;][vc_column][vc_column_text font_color=&#8221;#000000&#8243; font_size=&#8221;20px&#8221; line_height=&#8221;28px&#8221; font_weight=&#8221;500&#8243; css=&#8221;.vc_custom_1736684095427{padding-top: 25px !important;padding-bottom: 25px !important;}&#8221;]\n<div class=\"advancedImagesArea\">\n<p>Estonia is a land where warm summers meet snowy forests. Our nature and people are diverse yet unique. Estonians cherish culture as much as they value nature, especially when the two can be intertwined. Winter sports have been a passion and a part of Estonian identity for centuries.<\/p>\n<p><strong>It\u2019s about time to discover Estonia\u2019s endless activities, events, and natural wonders, click on the &#8220;Visit Estonia&#8221; logo, and let the adventure begin:<\/strong><\/p>\n<p>&nbsp;<\/p>\n<\/div>\n<p><a href=\"https:\/\/visitestonia.com\/en\" target=\"_blank\" rel=\"noopener\"><img loading=\"lazy\" decoding=\"async\" class=\"alignnone wp-image-7784 size-medium\" src=\"https:\/\/trixs.ee\/wp-content\/uploads\/2025\/01\/visit-estonia.svg\" alt=\"\" width=\"300\" height=\"45\"><\/a><\/p>\n<p>https:\/\/youtu.be\/qRkKOXbNFi0[\/vc_column_text][\/vc_column][\/vc_row]\n<\/div>","protected":false},"excerpt":{"rendered":"<p>[vc_row css=&#8221;.vc_custom_1682156853187{background-image: url(https:\/\/trixs.ee\/wp-content\/uploads\/2023\/04\/page__hero-bg-new-scaled.jpg?id=3787) !important;background-position: center !important;background-repeat: no-repeat !important;background-size: cover !important;}&#8221; el_class=&#8221;subhero&#8221;][vc_column][vc_custom_heading text=&#8221;WELCOME TO ESTONIA&#8221; font_container=&#8221;tag:h1|font_size:80px|text_align:left|color:%23ffffff|line_height:100px&#8221; google_fonts=&#8221;font_family:Muli%3A300%2C300italic%2Cregular%2Citalic|font_style:400%20regular%3A400%3Anormal&#8221; css=&#8221;.vc_custom_1736684013720{padding-top: 120px !important;padding-bottom: 40px !important;}&#8221;][\/vc_column][\/vc_row][vc_row css=&#8221;.vc_custom_1652269294084{padding-bottom: 25px !important;}&#8221;][vc_column][vc_column_text font_color=&#8221;#000000&#8243; font_size=&#8221;20px&#8221; line_height=&#8221;28px&#8221; font_weight=&#8221;500&#8243; css=&#8221;.vc_custom_1736684095427{padding-top: 25px !important;padding-bottom: 25px !important;}&#8221;] Estonia is a land where warm summers meet snowy forests. Our nature and people are diverse yet unique. Estonians cherish culture as&#8230;<\/p>\n","protected":false},"author":2,"featured_media":0,"parent":0,"menu_order":0,"comment_status":"closed","ping_status":"closed","template":"page-full.php","meta":{"_acf_changed":false,"inline_featured_image":false,"ngg_post_thumbnail":0,"footnotes":""},"class_list":["post-7791","page","type-page","status-publish","hentry"],"acf":[],"yoast_head":"<!-- This site is optimized with the Yoast SEO plugin v27.3 - https:\/\/yoast.com\/product\/yoast-seo-wordpress\/ -->\n<title>WELCOME TO ESTONIA &#187; TRIXS - SELLE AASTA SUURIM TRIAL \u00dcRITUS!<\/title>\n<meta name=\"description\" content=\"Ekstreemseim motov\u00f5istlus Eestis - TRIXS! V\u00f5istlus toimub 26.Oktoober 2024, algusega 17:00. Ole kohal! Soeta pilet SIIT\" \/>\n<meta name=\"robots\" content=\"index, follow, max-snippet:-1, max-image-preview:large, max-video-preview:-1\" \/>\n<link rel=\"canonical\" href=\"https:\/\/trixs.ee\/en\/welcome-to-estonia\/\" \/>\n<meta property=\"og:locale\" content=\"en_US\" \/>\n<meta property=\"og:type\" content=\"article\" \/>\n<meta property=\"og:title\" content=\"WELCOME TO ESTONIA &#187; TRIXS - SELLE AASTA SUURIM TRIAL \u00dcRITUS!\" \/>\n<meta property=\"og:description\" content=\"Ekstreemseim motov\u00f5istlus Eestis - TRIXS! V\u00f5istlus toimub 26.Oktoober 2024, algusega 17:00. Ole kohal! Soeta pilet SIIT\" \/>\n<meta property=\"og:url\" content=\"https:\/\/trixs.ee\/en\/welcome-to-estonia\/\" \/>\n<meta property=\"og:site_name\" content=\"TRIXS - SELLE AASTA SUURIM TRIAL \u00dcRITUS!\" \/>\n<meta property=\"article:modified_time\" content=\"2025-01-12T12:17:58+00:00\" \/>\n<meta property=\"og:image\" content=\"https:\/\/trixs.ee\/wp-content\/uploads\/2025\/01\/visit-estonia.svg\" \/>\n<meta name=\"twitter:card\" content=\"summary_large_image\" \/>\n<meta name=\"twitter:label1\" content=\"Est. reading time\" \/>\n\t<meta name=\"twitter:data1\" content=\"1 minute\" \/>\n<script type=\"application\/ld+json\" class=\"yoast-schema-graph\">{\"@context\":\"https:\\\/\\\/schema.org\",\"@graph\":[{\"@type\":\"WebPage\",\"@id\":\"https:\\\/\\\/trixs.ee\\\/en\\\/welcome-to-estonia\\\/\",\"url\":\"https:\\\/\\\/trixs.ee\\\/en\\\/welcome-to-estonia\\\/\",\"name\":\"WELCOME TO ESTONIA &#187; TRIXS - SELLE AASTA SUURIM TRIAL \u00dcRITUS!\",\"isPartOf\":{\"@id\":\"https:\\\/\\\/trixs.ee\\\/en\\\/#website\"},\"primaryImageOfPage\":{\"@id\":\"https:\\\/\\\/trixs.ee\\\/en\\\/welcome-to-estonia\\\/#primaryimage\"},\"image\":{\"@id\":\"https:\\\/\\\/trixs.ee\\\/en\\\/welcome-to-estonia\\\/#primaryimage\"},\"thumbnailUrl\":\"https:\\\/\\\/trixs.ee\\\/wp-content\\\/uploads\\\/2025\\\/01\\\/visit-estonia.svg\",\"datePublished\":\"2025-01-12T12:17:35+00:00\",\"dateModified\":\"2025-01-12T12:17:58+00:00\",\"description\":\"Ekstreemseim motov\u00f5istlus Eestis - TRIXS! V\u00f5istlus toimub 26.Oktoober 2024, algusega 17:00. Ole kohal! Soeta pilet SIIT\",\"breadcrumb\":{\"@id\":\"https:\\\/\\\/trixs.ee\\\/en\\\/welcome-to-estonia\\\/#breadcrumb\"},\"inLanguage\":\"en-US\",\"potentialAction\":[{\"@type\":\"ReadAction\",\"target\":[\"https:\\\/\\\/trixs.ee\\\/en\\\/welcome-to-estonia\\\/\"]}]},{\"@type\":\"ImageObject\",\"inLanguage\":\"en-US\",\"@id\":\"https:\\\/\\\/trixs.ee\\\/en\\\/welcome-to-estonia\\\/#primaryimage\",\"url\":\"https:\\\/\\\/trixs.ee\\\/wp-content\\\/uploads\\\/2025\\\/01\\\/visit-estonia.svg\",\"contentUrl\":\"https:\\\/\\\/trixs.ee\\\/wp-content\\\/uploads\\\/2025\\\/01\\\/visit-estonia.svg\"},{\"@type\":\"BreadcrumbList\",\"@id\":\"https:\\\/\\\/trixs.ee\\\/en\\\/welcome-to-estonia\\\/#breadcrumb\",\"itemListElement\":[{\"@type\":\"ListItem\",\"position\":1,\"name\":\"Home\",\"item\":\"https:\\\/\\\/trixs.ee\\\/en\\\/\"},{\"@type\":\"ListItem\",\"position\":2,\"name\":\"WELCOME TO ESTONIA\"}]},{\"@type\":\"WebSite\",\"@id\":\"https:\\\/\\\/trixs.ee\\\/en\\\/#website\",\"url\":\"https:\\\/\\\/trixs.ee\\\/en\\\/\",\"name\":\"TRIXS - SELLE AASTA SUURIM TRIAL \u00dcRITUS!\",\"description\":\"TRIXS - SELLE AASTA SUURIM TRIAL \u00dcRITUS!\",\"potentialAction\":[{\"@type\":\"SearchAction\",\"target\":{\"@type\":\"EntryPoint\",\"urlTemplate\":\"https:\\\/\\\/trixs.ee\\\/en\\\/?s={search_term_string}\"},\"query-input\":{\"@type\":\"PropertyValueSpecification\",\"valueRequired\":true,\"valueName\":\"search_term_string\"}}],\"inLanguage\":\"en-US\"}]}<\/script>\n<!-- \/ Yoast SEO plugin. -->","yoast_head_json":{"title":"WELCOME TO ESTONIA &#187; TRIXS - SELLE AASTA SUURIM TRIAL \u00dcRITUS!","description":"Ekstreemseim motov\u00f5istlus Eestis - TRIXS! V\u00f5istlus toimub 26.Oktoober 2024, algusega 17:00. Ole kohal! Soeta pilet SIIT","robots":{"index":"index","follow":"follow","max-snippet":"max-snippet:-1","max-image-preview":"max-image-preview:large","max-video-preview":"max-video-preview:-1"},"canonical":"https:\/\/trixs.ee\/en\/welcome-to-estonia\/","og_locale":"en_US","og_type":"article","og_title":"WELCOME TO ESTONIA &#187; TRIXS - SELLE AASTA SUURIM TRIAL \u00dcRITUS!","og_description":"Ekstreemseim motov\u00f5istlus Eestis - TRIXS! V\u00f5istlus toimub 26.Oktoober 2024, algusega 17:00. Ole kohal! Soeta pilet SIIT","og_url":"https:\/\/trixs.ee\/en\/welcome-to-estonia\/","og_site_name":"TRIXS - SELLE AASTA SUURIM TRIAL \u00dcRITUS!","article_modified_time":"2025-01-12T12:17:58+00:00","og_image":[{"url":"https:\/\/trixs.ee\/wp-content\/uploads\/2025\/01\/visit-estonia.svg","type":"","width":"","height":""}],"twitter_card":"summary_large_image","twitter_misc":{"Est. reading time":"1 minute"},"schema":{"@context":"https:\/\/schema.org","@graph":[{"@type":"WebPage","@id":"https:\/\/trixs.ee\/en\/welcome-to-estonia\/","url":"https:\/\/trixs.ee\/en\/welcome-to-estonia\/","name":"WELCOME TO ESTONIA &#187; TRIXS - SELLE AASTA SUURIM TRIAL \u00dcRITUS!","isPartOf":{"@id":"https:\/\/trixs.ee\/en\/#website"},"primaryImageOfPage":{"@id":"https:\/\/trixs.ee\/en\/welcome-to-estonia\/#primaryimage"},"image":{"@id":"https:\/\/trixs.ee\/en\/welcome-to-estonia\/#primaryimage"},"thumbnailUrl":"https:\/\/trixs.ee\/wp-content\/uploads\/2025\/01\/visit-estonia.svg","datePublished":"2025-01-12T12:17:35+00:00","dateModified":"2025-01-12T12:17:58+00:00","description":"Ekstreemseim motov\u00f5istlus Eestis - TRIXS! V\u00f5istlus toimub 26.Oktoober 2024, algusega 17:00. Ole kohal! Soeta pilet SIIT","breadcrumb":{"@id":"https:\/\/trixs.ee\/en\/welcome-to-estonia\/#breadcrumb"},"inLanguage":"en-US","potentialAction":[{"@type":"ReadAction","target":["https:\/\/trixs.ee\/en\/welcome-to-estonia\/"]}]},{"@type":"ImageObject","inLanguage":"en-US","@id":"https:\/\/trixs.ee\/en\/welcome-to-estonia\/#primaryimage","url":"https:\/\/trixs.ee\/wp-content\/uploads\/2025\/01\/visit-estonia.svg","contentUrl":"https:\/\/trixs.ee\/wp-content\/uploads\/2025\/01\/visit-estonia.svg"},{"@type":"BreadcrumbList","@id":"https:\/\/trixs.ee\/en\/welcome-to-estonia\/#breadcrumb","itemListElement":[{"@type":"ListItem","position":1,"name":"Home","item":"https:\/\/trixs.ee\/en\/"},{"@type":"ListItem","position":2,"name":"WELCOME TO ESTONIA"}]},{"@type":"WebSite","@id":"https:\/\/trixs.ee\/en\/#website","url":"https:\/\/trixs.ee\/en\/","name":"TRIXS - SELLE AASTA SUURIM TRIAL \u00dcRITUS!","description":"TRIXS - SELLE AASTA SUURIM TRIAL \u00dcRITUS!","potentialAction":[{"@type":"SearchAction","target":{"@type":"EntryPoint","urlTemplate":"https:\/\/trixs.ee\/en\/?s={search_term_string}"},"query-input":{"@type":"PropertyValueSpecification","valueRequired":true,"valueName":"search_term_string"}}],"inLanguage":"en-US"}]}},"_links":{"self":[{"href":"https:\/\/www.trixs.ee\/en\/wp-json\/wp\/v2\/pages\/7791","targetHints":{"allow":["GET"]}}],"collection":[{"href":"https:\/\/www.trixs.ee\/en\/wp-json\/wp\/v2\/pages"}],"about":[{"href":"https:\/\/www.trixs.ee\/en\/wp-json\/wp\/v2\/types\/page"}],"author":[{"embeddable":true,"href":"https:\/\/www.trixs.ee\/en\/wp-json\/wp\/v2\/users\/2"}],"replies":[{"embeddable":true,"href":"https:\/\/www.trixs.ee\/en\/wp-json\/wp\/v2\/comments?post=7791"}],"version-history":[{"count":2,"href":"https:\/\/www.trixs.ee\/en\/wp-json\/wp\/v2\/pages\/7791\/revisions"}],"predecessor-version":[{"id":7794,"href":"https:\/\/www.trixs.ee\/en\/wp-json\/wp\/v2\/pages\/7791\/revisions\/7794"}],"wp:attachment":[{"href":"https:\/\/www.trixs.ee\/en\/wp-json\/wp\/v2\/media?parent=7791"}],"curies":[{"name":"wp","href":"https:\/\/api.w.org\/{rel}","templated":true}]}}