{"id":7650,"date":"2024-11-11T12:22:49","date_gmt":"2024-11-11T10:22:49","guid":{"rendered":"https:\/\/trixs.ee\/?page_id=7650"},"modified":"2024-11-13T17:22:52","modified_gmt":"2024-11-13T15:22:52","slug":"arena-info","status":"publish","type":"page","link":"https:\/\/www.trixs.ee\/en\/arena-info\/","title":{"rendered":"Arena info"},"content":{"rendered":"<div class=\"wpb-content-wrapper\">[vc_row css=&#8221;.vc_custom_1682156853187{background-image: url(https:\/\/trixs.ee\/wp-content\/uploads\/2023\/04\/page__hero-bg-new-scaled.jpg?id=3787) !important;background-position: center !important;background-repeat: no-repeat !important;background-size: cover !important;}&#8221; el_class=&#8221;subhero&#8221;][vc_column][vc_custom_heading text=&#8221;ARENA INFO&#8221; font_container=&#8221;tag:h1|font_size:80px|text_align:left|color:%23ffffff|line_height:100px&#8221; google_fonts=&#8221;font_family:Muli%3A300%2C300italic%2Cregular%2Citalic|font_style:400%20regular%3A400%3Anormal&#8221; css=&#8221;.vc_custom_1731320566590{padding-top: 120px !important;padding-bottom: 40px !important;}&#8221;][\/vc_column][\/vc_row][vc_row css=&#8221;.vc_custom_1652269294084{padding-bottom: 25px !important;}&#8221;][vc_column][vc_column_text font_color=&#8221;#000000&#8243; font_size=&#8221;20px&#8221; line_height=&#8221;28px&#8221; font_weight=&#8221;500&#8243; css=&#8221;.vc_custom_1731511248939{padding-top: 25px !important;padding-bottom: 25px !important;}&#8221;]<strong>Arena info<\/strong><\/p>\n<p>Visit <a href=\"https:\/\/unibetarena.ee\/en\" target=\"_blank\" rel=\"noopener\"><span style=\"color: #0000ff;\"><em><strong>https:\/\/unibetarena.ee\/en<\/strong><\/em><\/span><\/a> for more info about the venue.<\/p>\n<p><img loading=\"lazy\" decoding=\"async\" class=\"wp-image-7687 alignleft\" src=\"https:\/\/trixs.ee\/wp-content\/uploads\/2024\/11\/Picture1-300x171.png\" alt=\"\" width=\"560\" height=\"319\" srcset=\"https:\/\/www.trixs.ee\/wp-content\/uploads\/2024\/11\/Picture1-300x171.png 300w, https:\/\/www.trixs.ee\/wp-content\/uploads\/2024\/11\/Picture1-1024x584.png 1024w, https:\/\/www.trixs.ee\/wp-content\/uploads\/2024\/11\/Picture1-768x438.png 768w, https:\/\/www.trixs.ee\/wp-content\/uploads\/2024\/11\/Picture1.png 1430w\" sizes=\"auto, (max-width: 560px) 100vw, 560px\" \/>[\/vc_column_text][\/vc_column][\/vc_row]\n<\/div>","protected":false},"excerpt":{"rendered":"<p>[vc_row css=&#8221;.vc_custom_1682156853187{background-image: url(https:\/\/trixs.ee\/wp-content\/uploads\/2023\/04\/page__hero-bg-new-scaled.jpg?id=3787) !important;background-position: center !important;background-repeat: no-repeat !important;background-size: cover !important;}&#8221; el_class=&#8221;subhero&#8221;][vc_column][vc_custom_heading text=&#8221;ARENA INFO&#8221; font_container=&#8221;tag:h1|font_size:80px|text_align:left|color:%23ffffff|line_height:100px&#8221; google_fonts=&#8221;font_family:Muli%3A300%2C300italic%2Cregular%2Citalic|font_style:400%20regular%3A400%3Anormal&#8221; css=&#8221;.vc_custom_1731320566590{padding-top: 120px !important;padding-bottom: 40px !important;}&#8221;][\/vc_column][\/vc_row][vc_row css=&#8221;.vc_custom_1652269294084{padding-bottom: 25px !important;}&#8221;][vc_column][vc_column_text font_color=&#8221;#000000&#8243; font_size=&#8221;20px&#8221; line_height=&#8221;28px&#8221; font_weight=&#8221;500&#8243; css=&#8221;.vc_custom_1731511248939{padding-top: 25px !important;padding-bottom: 25px !important;}&#8221;]Arena info Visit https:\/\/unibetarena.ee\/en for more info about the venue. [\/vc_column_text][\/vc_column][\/vc_row]<\/p>\n","protected":false},"author":1,"featured_media":0,"parent":0,"menu_order":0,"comment_status":"closed","ping_status":"closed","template":"page-full.php","meta":{"_acf_changed":false,"inline_featured_image":false,"ngg_post_thumbnail":0,"footnotes":""},"class_list":["post-7650","page","type-page","status-publish","hentry"],"acf":[],"yoast_head":"<!-- This site is optimized with the Yoast SEO plugin v27.3 - https:\/\/yoast.com\/product\/yoast-seo-wordpress\/ -->\n<title>Arena info &#187; TRIXS - SELLE AASTA SUURIM TRIAL \u00dcRITUS!<\/title>\n<meta name=\"description\" content=\"Ekstreemseim motov\u00f5istlus Eestis - TRIXS! V\u00f5istlus toimub 26.Oktoober 2024, algusega 17:00. Ole kohal! Soeta pilet SIIT\" \/>\n<meta name=\"robots\" content=\"index, follow, max-snippet:-1, max-image-preview:large, max-video-preview:-1\" \/>\n<link rel=\"canonical\" href=\"https:\/\/www.trixs.ee\/en\/arena-info\/\" \/>\n<meta property=\"og:locale\" content=\"en_US\" \/>\n<meta property=\"og:type\" content=\"article\" \/>\n<meta property=\"og:title\" content=\"Arena info &#187; TRIXS - SELLE AASTA SUURIM TRIAL \u00dcRITUS!\" \/>\n<meta property=\"og:description\" content=\"Ekstreemseim motov\u00f5istlus Eestis - TRIXS! V\u00f5istlus toimub 26.Oktoober 2024, algusega 17:00. Ole kohal! Soeta pilet SIIT\" \/>\n<meta property=\"og:url\" content=\"https:\/\/www.trixs.ee\/en\/arena-info\/\" \/>\n<meta property=\"og:site_name\" content=\"TRIXS - SELLE AASTA SUURIM TRIAL \u00dcRITUS!\" \/>\n<meta property=\"article:modified_time\" content=\"2024-11-13T15:22:52+00:00\" \/>\n<meta property=\"og:image\" content=\"https:\/\/trixs.ee\/wp-content\/uploads\/2024\/11\/Picture1-300x171.png\" \/>\n<meta name=\"twitter:card\" content=\"summary_large_image\" \/>\n<meta name=\"twitter:label1\" content=\"Est. reading time\" \/>\n\t<meta name=\"twitter:data1\" content=\"1 minute\" \/>\n<script type=\"application\/ld+json\" class=\"yoast-schema-graph\">{\"@context\":\"https:\\\/\\\/schema.org\",\"@graph\":[{\"@type\":\"WebPage\",\"@id\":\"https:\\\/\\\/www.trixs.ee\\\/en\\\/arena-info\\\/\",\"url\":\"https:\\\/\\\/www.trixs.ee\\\/en\\\/arena-info\\\/\",\"name\":\"Arena info &#187; TRIXS - SELLE AASTA SUURIM TRIAL \u00dcRITUS!\",\"isPartOf\":{\"@id\":\"https:\\\/\\\/trixs.ee\\\/en\\\/#website\"},\"primaryImageOfPage\":{\"@id\":\"https:\\\/\\\/www.trixs.ee\\\/en\\\/arena-info\\\/#primaryimage\"},\"image\":{\"@id\":\"https:\\\/\\\/www.trixs.ee\\\/en\\\/arena-info\\\/#primaryimage\"},\"thumbnailUrl\":\"https:\\\/\\\/trixs.ee\\\/wp-content\\\/uploads\\\/2024\\\/11\\\/Picture1-300x171.png\",\"datePublished\":\"2024-11-11T10:22:49+00:00\",\"dateModified\":\"2024-11-13T15:22:52+00:00\",\"description\":\"Ekstreemseim motov\u00f5istlus Eestis - TRIXS! V\u00f5istlus toimub 26.Oktoober 2024, algusega 17:00. Ole kohal! Soeta pilet SIIT\",\"breadcrumb\":{\"@id\":\"https:\\\/\\\/www.trixs.ee\\\/en\\\/arena-info\\\/#breadcrumb\"},\"inLanguage\":\"en-US\",\"potentialAction\":[{\"@type\":\"ReadAction\",\"target\":[\"https:\\\/\\\/www.trixs.ee\\\/en\\\/arena-info\\\/\"]}]},{\"@type\":\"ImageObject\",\"inLanguage\":\"en-US\",\"@id\":\"https:\\\/\\\/www.trixs.ee\\\/en\\\/arena-info\\\/#primaryimage\",\"url\":\"https:\\\/\\\/trixs.ee\\\/wp-content\\\/uploads\\\/2024\\\/11\\\/Picture1-300x171.png\",\"contentUrl\":\"https:\\\/\\\/trixs.ee\\\/wp-content\\\/uploads\\\/2024\\\/11\\\/Picture1-300x171.png\"},{\"@type\":\"BreadcrumbList\",\"@id\":\"https:\\\/\\\/www.trixs.ee\\\/en\\\/arena-info\\\/#breadcrumb\",\"itemListElement\":[{\"@type\":\"ListItem\",\"position\":1,\"name\":\"Home\",\"item\":\"https:\\\/\\\/trixs.ee\\\/en\\\/\"},{\"@type\":\"ListItem\",\"position\":2,\"name\":\"Arena info\"}]},{\"@type\":\"WebSite\",\"@id\":\"https:\\\/\\\/trixs.ee\\\/en\\\/#website\",\"url\":\"https:\\\/\\\/trixs.ee\\\/en\\\/\",\"name\":\"TRIXS - SELLE AASTA SUURIM TRIAL \u00dcRITUS!\",\"description\":\"TRIXS - SELLE AASTA SUURIM TRIAL \u00dcRITUS!\",\"potentialAction\":[{\"@type\":\"SearchAction\",\"target\":{\"@type\":\"EntryPoint\",\"urlTemplate\":\"https:\\\/\\\/trixs.ee\\\/en\\\/?s={search_term_string}\"},\"query-input\":{\"@type\":\"PropertyValueSpecification\",\"valueRequired\":true,\"valueName\":\"search_term_string\"}}],\"inLanguage\":\"en-US\"}]}<\/script>\n<!-- \/ Yoast SEO plugin. -->","yoast_head_json":{"title":"Arena info &#187; TRIXS - SELLE AASTA SUURIM TRIAL \u00dcRITUS!","description":"Ekstreemseim motov\u00f5istlus Eestis - TRIXS! V\u00f5istlus toimub 26.Oktoober 2024, algusega 17:00. Ole kohal! Soeta pilet SIIT","robots":{"index":"index","follow":"follow","max-snippet":"max-snippet:-1","max-image-preview":"max-image-preview:large","max-video-preview":"max-video-preview:-1"},"canonical":"https:\/\/www.trixs.ee\/en\/arena-info\/","og_locale":"en_US","og_type":"article","og_title":"Arena info &#187; TRIXS - SELLE AASTA SUURIM TRIAL \u00dcRITUS!","og_description":"Ekstreemseim motov\u00f5istlus Eestis - TRIXS! V\u00f5istlus toimub 26.Oktoober 2024, algusega 17:00. Ole kohal! Soeta pilet SIIT","og_url":"https:\/\/www.trixs.ee\/en\/arena-info\/","og_site_name":"TRIXS - SELLE AASTA SUURIM TRIAL \u00dcRITUS!","article_modified_time":"2024-11-13T15:22:52+00:00","og_image":[{"url":"https:\/\/trixs.ee\/wp-content\/uploads\/2024\/11\/Picture1-300x171.png","type":"","width":"","height":""}],"twitter_card":"summary_large_image","twitter_misc":{"Est. reading time":"1 minute"},"schema":{"@context":"https:\/\/schema.org","@graph":[{"@type":"WebPage","@id":"https:\/\/www.trixs.ee\/en\/arena-info\/","url":"https:\/\/www.trixs.ee\/en\/arena-info\/","name":"Arena info &#187; TRIXS - SELLE AASTA SUURIM TRIAL \u00dcRITUS!","isPartOf":{"@id":"https:\/\/trixs.ee\/en\/#website"},"primaryImageOfPage":{"@id":"https:\/\/www.trixs.ee\/en\/arena-info\/#primaryimage"},"image":{"@id":"https:\/\/www.trixs.ee\/en\/arena-info\/#primaryimage"},"thumbnailUrl":"https:\/\/trixs.ee\/wp-content\/uploads\/2024\/11\/Picture1-300x171.png","datePublished":"2024-11-11T10:22:49+00:00","dateModified":"2024-11-13T15:22:52+00:00","description":"Ekstreemseim motov\u00f5istlus Eestis - TRIXS! V\u00f5istlus toimub 26.Oktoober 2024, algusega 17:00. Ole kohal! Soeta pilet SIIT","breadcrumb":{"@id":"https:\/\/www.trixs.ee\/en\/arena-info\/#breadcrumb"},"inLanguage":"en-US","potentialAction":[{"@type":"ReadAction","target":["https:\/\/www.trixs.ee\/en\/arena-info\/"]}]},{"@type":"ImageObject","inLanguage":"en-US","@id":"https:\/\/www.trixs.ee\/en\/arena-info\/#primaryimage","url":"https:\/\/trixs.ee\/wp-content\/uploads\/2024\/11\/Picture1-300x171.png","contentUrl":"https:\/\/trixs.ee\/wp-content\/uploads\/2024\/11\/Picture1-300x171.png"},{"@type":"BreadcrumbList","@id":"https:\/\/www.trixs.ee\/en\/arena-info\/#breadcrumb","itemListElement":[{"@type":"ListItem","position":1,"name":"Home","item":"https:\/\/trixs.ee\/en\/"},{"@type":"ListItem","position":2,"name":"Arena info"}]},{"@type":"WebSite","@id":"https:\/\/trixs.ee\/en\/#website","url":"https:\/\/trixs.ee\/en\/","name":"TRIXS - SELLE AASTA SUURIM TRIAL \u00dcRITUS!","description":"TRIXS - SELLE AASTA SUURIM TRIAL \u00dcRITUS!","potentialAction":[{"@type":"SearchAction","target":{"@type":"EntryPoint","urlTemplate":"https:\/\/trixs.ee\/en\/?s={search_term_string}"},"query-input":{"@type":"PropertyValueSpecification","valueRequired":true,"valueName":"search_term_string"}}],"inLanguage":"en-US"}]}},"_links":{"self":[{"href":"https:\/\/www.trixs.ee\/en\/wp-json\/wp\/v2\/pages\/7650","targetHints":{"allow":["GET"]}}],"collection":[{"href":"https:\/\/www.trixs.ee\/en\/wp-json\/wp\/v2\/pages"}],"about":[{"href":"https:\/\/www.trixs.ee\/en\/wp-json\/wp\/v2\/types\/page"}],"author":[{"embeddable":true,"href":"https:\/\/www.trixs.ee\/en\/wp-json\/wp\/v2\/users\/1"}],"replies":[{"embeddable":true,"href":"https:\/\/www.trixs.ee\/en\/wp-json\/wp\/v2\/comments?post=7650"}],"version-history":[{"count":3,"href":"https:\/\/www.trixs.ee\/en\/wp-json\/wp\/v2\/pages\/7650\/revisions"}],"predecessor-version":[{"id":7691,"href":"https:\/\/www.trixs.ee\/en\/wp-json\/wp\/v2\/pages\/7650\/revisions\/7691"}],"wp:attachment":[{"href":"https:\/\/www.trixs.ee\/en\/wp-json\/wp\/v2\/media?parent=7650"}],"curies":[{"name":"wp","href":"https:\/\/api.w.org\/{rel}","templated":true}]}}