{"id":7647,"date":"2024-11-11T12:22:04","date_gmt":"2024-11-11T10:22:04","guid":{"rendered":"https:\/\/trixs.ee\/?page_id=7647"},"modified":"2024-11-13T18:19:46","modified_gmt":"2024-11-13T16:19:46","slug":"transport-in-tallinn","status":"publish","type":"page","link":"https:\/\/www.trixs.ee\/en\/transport-in-tallinn\/","title":{"rendered":"Transport in Tallinn"},"content":{"rendered":"<div class=\"wpb-content-wrapper\">[vc_row css=&#8221;.vc_custom_1682156853187{background-image: url(https:\/\/trixs.ee\/wp-content\/uploads\/2023\/04\/page__hero-bg-new-scaled.jpg?id=3787) !important;background-position: center !important;background-repeat: no-repeat !important;background-size: cover !important;}&#8221; el_class=&#8221;subhero&#8221;][vc_column][vc_custom_heading text=&#8221;TRASPORT IN TALLINN&#8221; font_container=&#8221;tag:h1|font_size:80px|text_align:left|color:%23ffffff|line_height:100px&#8221; google_fonts=&#8221;font_family:Muli%3A300%2C300italic%2Cregular%2Citalic|font_style:400%20regular%3A400%3Anormal&#8221; css=&#8221;.vc_custom_1731320522806{padding-top: 120px !important;padding-bottom: 40px !important;}&#8221;][\/vc_column][\/vc_row][vc_row css=&#8221;.vc_custom_1652269294084{padding-bottom: 25px !important;}&#8221;][vc_column][vc_column_text font_color=&#8221;#000000&#8243; font_size=&#8221;20px&#8221; line_height=&#8221;28px&#8221; font_weight=&#8221;500&#8243; css=&#8221;.vc_custom_1731514699786{padding-top: 25px !important;padding-bottom: 25px !important;}&#8221;]<strong><img loading=\"lazy\" decoding=\"async\" class=\"alignnone wp-image-7723\" src=\"https:\/\/trixs.ee\/wp-content\/uploads\/2024\/11\/Tallinn-Transport-Map-300x152.jpg\" alt=\"\" width=\"665\" height=\"337\" srcset=\"https:\/\/www.trixs.ee\/wp-content\/uploads\/2024\/11\/Tallinn-Transport-Map-300x152.jpg 300w, https:\/\/www.trixs.ee\/wp-content\/uploads\/2024\/11\/Tallinn-Transport-Map-1024x517.jpg 1024w, https:\/\/www.trixs.ee\/wp-content\/uploads\/2024\/11\/Tallinn-Transport-Map-768x388.jpg 768w, https:\/\/www.trixs.ee\/wp-content\/uploads\/2024\/11\/Tallinn-Transport-Map-1536x776.jpg 1536w, https:\/\/www.trixs.ee\/wp-content\/uploads\/2024\/11\/Tallinn-Transport-Map.jpg 1788w\" sizes=\"auto, (max-width: 665px) 100vw, 665px\" \/>Transport in Tallinn<\/strong><\/p>\n<p>Tallinn is very compact and easy to get around. Reaching farther out destinations is simple thanks to the city&#8217;s network of buses and trams. The public transport network operates from 6:00 to 23:00 daily (see&nbsp;<span style=\"color: #0000ff;\"><em><strong><a style=\"color: #0000ff;\" href=\"https:\/\/transport.tallinn.ee\/#bus\/en\" target=\"_blank\" rel=\"noopener\">timetables<\/a><\/strong><\/em><\/span>&nbsp;for further information). The ticket system works on a random-inspection basis: you don&#8217;t have to show anything to the driver. Simply remember to validate each entry at one of the orange validators (or risk a \u20ac40 fine).<\/p>\n<p>You have two ticket options: one-hour or one-day public transport ticket.<\/p>\n<p>You can buy one-hour ticket with a contactless payment card* (Mastercard, Maestro, Visa and Visa Electron) at the rectangular orange validators in the front of the vehicle. Simply tap your card on the validator.<\/p>\n<p>You can buy one-day ticket online from&nbsp;<span style=\"color: #0000ff;\"><em><strong><a style=\"color: #0000ff;\" href=\"https:\/\/tallinn.pilet.ee\/buy\" target=\"_blank\" rel=\"noopener\">tallinn.pilet.ee<\/a><\/strong><\/em><\/span>, or with the mobile app pilet.ee<\/p>\n<p>Read more about public transport in Tallinn <span style=\"color: #0000ff;\"><em><strong><a style=\"color: #0000ff;\" href=\"https:\/\/www.visittallinn.ee\/eng\/visitor\/plan\/transport\/public-transport#where-to-buy-the-different-tickets\" target=\"_blank\" rel=\"noopener\">HERE<\/a><\/strong><\/em><\/span>[\/vc_column_text][\/vc_column][\/vc_row]\n<\/div>","protected":false},"excerpt":{"rendered":"<p>[vc_row css=&#8221;.vc_custom_1682156853187{background-image: url(https:\/\/trixs.ee\/wp-content\/uploads\/2023\/04\/page__hero-bg-new-scaled.jpg?id=3787) !important;background-position: center !important;background-repeat: no-repeat !important;background-size: cover !important;}&#8221; el_class=&#8221;subhero&#8221;][vc_column][vc_custom_heading text=&#8221;TRASPORT IN TALLINN&#8221; font_container=&#8221;tag:h1|font_size:80px|text_align:left|color:%23ffffff|line_height:100px&#8221; google_fonts=&#8221;font_family:Muli%3A300%2C300italic%2Cregular%2Citalic|font_style:400%20regular%3A400%3Anormal&#8221; css=&#8221;.vc_custom_1731320522806{padding-top: 120px !important;padding-bottom: 40px !important;}&#8221;][\/vc_column][\/vc_row][vc_row css=&#8221;.vc_custom_1652269294084{padding-bottom: 25px !important;}&#8221;][vc_column][vc_column_text font_color=&#8221;#000000&#8243; font_size=&#8221;20px&#8221; line_height=&#8221;28px&#8221; font_weight=&#8221;500&#8243; css=&#8221;.vc_custom_1731514699786{padding-top: 25px !important;padding-bottom: 25px !important;}&#8221;]Transport in Tallinn Tallinn is very compact and easy to get around. Reaching farther out destinations is simple thanks to the city&#8217;s network&#8230;<\/p>\n","protected":false},"author":1,"featured_media":0,"parent":0,"menu_order":0,"comment_status":"closed","ping_status":"closed","template":"page-full.php","meta":{"_acf_changed":false,"inline_featured_image":false,"ngg_post_thumbnail":0,"footnotes":""},"class_list":["post-7647","page","type-page","status-publish","hentry"],"acf":[],"yoast_head":"<!-- This site is optimized with the Yoast SEO plugin v27.3 - https:\/\/yoast.com\/product\/yoast-seo-wordpress\/ -->\n<title>Transport in Tallinn &#187; TRIXS - SELLE AASTA SUURIM TRIAL \u00dcRITUS!<\/title>\n<meta name=\"description\" content=\"Ekstreemseim motov\u00f5istlus Eestis - TRIXS! V\u00f5istlus toimub 26.Oktoober 2024, algusega 17:00. Ole kohal! Soeta pilet SIIT\" \/>\n<meta name=\"robots\" content=\"index, follow, max-snippet:-1, max-image-preview:large, max-video-preview:-1\" \/>\n<link rel=\"canonical\" href=\"https:\/\/trixs.ee\/en\/transport-in-tallinn\/\" \/>\n<meta property=\"og:locale\" content=\"en_US\" \/>\n<meta property=\"og:type\" content=\"article\" \/>\n<meta property=\"og:title\" content=\"Transport in Tallinn &#187; TRIXS - SELLE AASTA SUURIM TRIAL \u00dcRITUS!\" \/>\n<meta property=\"og:description\" content=\"Ekstreemseim motov\u00f5istlus Eestis - TRIXS! V\u00f5istlus toimub 26.Oktoober 2024, algusega 17:00. Ole kohal! Soeta pilet SIIT\" \/>\n<meta property=\"og:url\" content=\"https:\/\/trixs.ee\/en\/transport-in-tallinn\/\" \/>\n<meta property=\"og:site_name\" content=\"TRIXS - SELLE AASTA SUURIM TRIAL \u00dcRITUS!\" \/>\n<meta property=\"article:modified_time\" content=\"2024-11-13T16:19:46+00:00\" \/>\n<meta property=\"og:image\" content=\"https:\/\/trixs.ee\/wp-content\/uploads\/2024\/11\/Tallinn-Transport-Map-300x152.jpg\" \/>\n<meta name=\"twitter:card\" content=\"summary_large_image\" \/>\n<meta name=\"twitter:label1\" content=\"Est. reading time\" \/>\n\t<meta name=\"twitter:data1\" content=\"1 minute\" \/>\n<script type=\"application\/ld+json\" class=\"yoast-schema-graph\">{\"@context\":\"https:\\\/\\\/schema.org\",\"@graph\":[{\"@type\":\"WebPage\",\"@id\":\"https:\\\/\\\/trixs.ee\\\/en\\\/transport-in-tallinn\\\/\",\"url\":\"https:\\\/\\\/trixs.ee\\\/en\\\/transport-in-tallinn\\\/\",\"name\":\"Transport in Tallinn &#187; TRIXS - SELLE AASTA SUURIM TRIAL \u00dcRITUS!\",\"isPartOf\":{\"@id\":\"https:\\\/\\\/trixs.ee\\\/en\\\/#website\"},\"primaryImageOfPage\":{\"@id\":\"https:\\\/\\\/trixs.ee\\\/en\\\/transport-in-tallinn\\\/#primaryimage\"},\"image\":{\"@id\":\"https:\\\/\\\/trixs.ee\\\/en\\\/transport-in-tallinn\\\/#primaryimage\"},\"thumbnailUrl\":\"https:\\\/\\\/trixs.ee\\\/wp-content\\\/uploads\\\/2024\\\/11\\\/Tallinn-Transport-Map-300x152.jpg\",\"datePublished\":\"2024-11-11T10:22:04+00:00\",\"dateModified\":\"2024-11-13T16:19:46+00:00\",\"description\":\"Ekstreemseim motov\u00f5istlus Eestis - TRIXS! V\u00f5istlus toimub 26.Oktoober 2024, algusega 17:00. Ole kohal! Soeta pilet SIIT\",\"breadcrumb\":{\"@id\":\"https:\\\/\\\/trixs.ee\\\/en\\\/transport-in-tallinn\\\/#breadcrumb\"},\"inLanguage\":\"en-US\",\"potentialAction\":[{\"@type\":\"ReadAction\",\"target\":[\"https:\\\/\\\/trixs.ee\\\/en\\\/transport-in-tallinn\\\/\"]}]},{\"@type\":\"ImageObject\",\"inLanguage\":\"en-US\",\"@id\":\"https:\\\/\\\/trixs.ee\\\/en\\\/transport-in-tallinn\\\/#primaryimage\",\"url\":\"https:\\\/\\\/trixs.ee\\\/wp-content\\\/uploads\\\/2024\\\/11\\\/Tallinn-Transport-Map-300x152.jpg\",\"contentUrl\":\"https:\\\/\\\/trixs.ee\\\/wp-content\\\/uploads\\\/2024\\\/11\\\/Tallinn-Transport-Map-300x152.jpg\"},{\"@type\":\"BreadcrumbList\",\"@id\":\"https:\\\/\\\/trixs.ee\\\/en\\\/transport-in-tallinn\\\/#breadcrumb\",\"itemListElement\":[{\"@type\":\"ListItem\",\"position\":1,\"name\":\"Home\",\"item\":\"https:\\\/\\\/trixs.ee\\\/en\\\/\"},{\"@type\":\"ListItem\",\"position\":2,\"name\":\"Transport in Tallinn\"}]},{\"@type\":\"WebSite\",\"@id\":\"https:\\\/\\\/trixs.ee\\\/en\\\/#website\",\"url\":\"https:\\\/\\\/trixs.ee\\\/en\\\/\",\"name\":\"TRIXS - SELLE AASTA SUURIM TRIAL \u00dcRITUS!\",\"description\":\"TRIXS - SELLE AASTA SUURIM TRIAL \u00dcRITUS!\",\"potentialAction\":[{\"@type\":\"SearchAction\",\"target\":{\"@type\":\"EntryPoint\",\"urlTemplate\":\"https:\\\/\\\/trixs.ee\\\/en\\\/?s={search_term_string}\"},\"query-input\":{\"@type\":\"PropertyValueSpecification\",\"valueRequired\":true,\"valueName\":\"search_term_string\"}}],\"inLanguage\":\"en-US\"}]}<\/script>\n<!-- \/ Yoast SEO plugin. -->","yoast_head_json":{"title":"Transport in Tallinn &#187; TRIXS - SELLE AASTA SUURIM TRIAL \u00dcRITUS!","description":"Ekstreemseim motov\u00f5istlus Eestis - TRIXS! V\u00f5istlus toimub 26.Oktoober 2024, algusega 17:00. Ole kohal! Soeta pilet SIIT","robots":{"index":"index","follow":"follow","max-snippet":"max-snippet:-1","max-image-preview":"max-image-preview:large","max-video-preview":"max-video-preview:-1"},"canonical":"https:\/\/trixs.ee\/en\/transport-in-tallinn\/","og_locale":"en_US","og_type":"article","og_title":"Transport in Tallinn &#187; TRIXS - SELLE AASTA SUURIM TRIAL \u00dcRITUS!","og_description":"Ekstreemseim motov\u00f5istlus Eestis - TRIXS! V\u00f5istlus toimub 26.Oktoober 2024, algusega 17:00. Ole kohal! Soeta pilet SIIT","og_url":"https:\/\/trixs.ee\/en\/transport-in-tallinn\/","og_site_name":"TRIXS - SELLE AASTA SUURIM TRIAL \u00dcRITUS!","article_modified_time":"2024-11-13T16:19:46+00:00","og_image":[{"url":"https:\/\/trixs.ee\/wp-content\/uploads\/2024\/11\/Tallinn-Transport-Map-300x152.jpg","type":"","width":"","height":""}],"twitter_card":"summary_large_image","twitter_misc":{"Est. reading time":"1 minute"},"schema":{"@context":"https:\/\/schema.org","@graph":[{"@type":"WebPage","@id":"https:\/\/trixs.ee\/en\/transport-in-tallinn\/","url":"https:\/\/trixs.ee\/en\/transport-in-tallinn\/","name":"Transport in Tallinn &#187; TRIXS - SELLE AASTA SUURIM TRIAL \u00dcRITUS!","isPartOf":{"@id":"https:\/\/trixs.ee\/en\/#website"},"primaryImageOfPage":{"@id":"https:\/\/trixs.ee\/en\/transport-in-tallinn\/#primaryimage"},"image":{"@id":"https:\/\/trixs.ee\/en\/transport-in-tallinn\/#primaryimage"},"thumbnailUrl":"https:\/\/trixs.ee\/wp-content\/uploads\/2024\/11\/Tallinn-Transport-Map-300x152.jpg","datePublished":"2024-11-11T10:22:04+00:00","dateModified":"2024-11-13T16:19:46+00:00","description":"Ekstreemseim motov\u00f5istlus Eestis - TRIXS! V\u00f5istlus toimub 26.Oktoober 2024, algusega 17:00. Ole kohal! Soeta pilet SIIT","breadcrumb":{"@id":"https:\/\/trixs.ee\/en\/transport-in-tallinn\/#breadcrumb"},"inLanguage":"en-US","potentialAction":[{"@type":"ReadAction","target":["https:\/\/trixs.ee\/en\/transport-in-tallinn\/"]}]},{"@type":"ImageObject","inLanguage":"en-US","@id":"https:\/\/trixs.ee\/en\/transport-in-tallinn\/#primaryimage","url":"https:\/\/trixs.ee\/wp-content\/uploads\/2024\/11\/Tallinn-Transport-Map-300x152.jpg","contentUrl":"https:\/\/trixs.ee\/wp-content\/uploads\/2024\/11\/Tallinn-Transport-Map-300x152.jpg"},{"@type":"BreadcrumbList","@id":"https:\/\/trixs.ee\/en\/transport-in-tallinn\/#breadcrumb","itemListElement":[{"@type":"ListItem","position":1,"name":"Home","item":"https:\/\/trixs.ee\/en\/"},{"@type":"ListItem","position":2,"name":"Transport in Tallinn"}]},{"@type":"WebSite","@id":"https:\/\/trixs.ee\/en\/#website","url":"https:\/\/trixs.ee\/en\/","name":"TRIXS - SELLE AASTA SUURIM TRIAL \u00dcRITUS!","description":"TRIXS - SELLE AASTA SUURIM TRIAL \u00dcRITUS!","potentialAction":[{"@type":"SearchAction","target":{"@type":"EntryPoint","urlTemplate":"https:\/\/trixs.ee\/en\/?s={search_term_string}"},"query-input":{"@type":"PropertyValueSpecification","valueRequired":true,"valueName":"search_term_string"}}],"inLanguage":"en-US"}]}},"_links":{"self":[{"href":"https:\/\/www.trixs.ee\/en\/wp-json\/wp\/v2\/pages\/7647","targetHints":{"allow":["GET"]}}],"collection":[{"href":"https:\/\/www.trixs.ee\/en\/wp-json\/wp\/v2\/pages"}],"about":[{"href":"https:\/\/www.trixs.ee\/en\/wp-json\/wp\/v2\/types\/page"}],"author":[{"embeddable":true,"href":"https:\/\/www.trixs.ee\/en\/wp-json\/wp\/v2\/users\/1"}],"replies":[{"embeddable":true,"href":"https:\/\/www.trixs.ee\/en\/wp-json\/wp\/v2\/comments?post=7647"}],"version-history":[{"count":5,"href":"https:\/\/www.trixs.ee\/en\/wp-json\/wp\/v2\/pages\/7647\/revisions"}],"predecessor-version":[{"id":7726,"href":"https:\/\/www.trixs.ee\/en\/wp-json\/wp\/v2\/pages\/7647\/revisions\/7726"}],"wp:attachment":[{"href":"https:\/\/www.trixs.ee\/en\/wp-json\/wp\/v2\/media?parent=7647"}],"curies":[{"name":"wp","href":"https:\/\/api.w.org\/{rel}","templated":true}]}}