{"id":7640,"date":"2024-11-11T12:16:32","date_gmt":"2024-11-11T10:16:32","guid":{"rendered":"https:\/\/trixs.ee\/?page_id=7640"},"modified":"2024-11-13T18:10:37","modified_gmt":"2024-11-13T16:10:37","slug":"arriving-in-tallinn","status":"publish","type":"page","link":"https:\/\/www.trixs.ee\/en\/arriving-in-tallinn\/","title":{"rendered":"Arriving in Tallinn"},"content":{"rendered":"<div class=\"wpb-content-wrapper\">[vc_row css=&#8221;.vc_custom_1682156853187{background-image: url(https:\/\/trixs.ee\/wp-content\/uploads\/2023\/04\/page__hero-bg-new-scaled.jpg?id=3787) !important;background-position: center !important;background-repeat: no-repeat !important;background-size: cover !important;}&#8221; el_class=&#8221;subhero&#8221;][vc_column][vc_custom_heading text=&#8221;ARRIVING IN TALLINN&#8221; font_container=&#8221;tag:h1|font_size:80px|text_align:left|color:%23ffffff|line_height:100px&#8221; google_fonts=&#8221;font_family:Muli%3A300%2C300italic%2Cregular%2Citalic|font_style:400%20regular%3A400%3Anormal&#8221; css=&#8221;.vc_custom_1731320217431{padding-top: 120px !important;padding-bottom: 40px !important;}&#8221;][\/vc_column][\/vc_row][vc_row css=&#8221;.vc_custom_1652269294084{padding-bottom: 25px !important;}&#8221;][vc_column][vc_column_text font_color=&#8221;#000000&#8243; font_size=&#8221;20px&#8221; line_height=&#8221;28px&#8221; font_weight=&#8221;500&#8243; css=&#8221;.vc_custom_1731514025385{padding-top: 25px !important;padding-bottom: 25px !important;}&#8221;]<strong><u><img loading=\"lazy\" decoding=\"async\" class=\"alignnone size-medium wp-image-7704\" src=\"https:\/\/trixs.ee\/wp-content\/uploads\/2024\/11\/airport_hero-1-300x159.png\" alt=\"\" width=\"300\" height=\"159\" srcset=\"https:\/\/www.trixs.ee\/wp-content\/uploads\/2024\/11\/airport_hero-1-300x159.png 300w, https:\/\/www.trixs.ee\/wp-content\/uploads\/2024\/11\/airport_hero-1-1024x543.png 1024w, https:\/\/www.trixs.ee\/wp-content\/uploads\/2024\/11\/airport_hero-1-768x407.png 768w, https:\/\/www.trixs.ee\/wp-content\/uploads\/2024\/11\/airport_hero-1-1536x815.png 1536w, https:\/\/www.trixs.ee\/wp-content\/uploads\/2024\/11\/airport_hero-1-2048x1086.png 2048w\" sizes=\"auto, (max-width: 300px) 100vw, 300px\" \/>Tallinn Airport<\/u><\/strong><\/p>\n<p>Tallinn Airport is located just 4 km from the city centre which makes the airport easily accessible. The airport is approachable by taxi, bus or car and there are various options for parking.<\/p>\n<p><strong>Bus:<\/strong><\/p>\n<p>Tallinn Airport is accessible by Tallinn public buses as well as buses from different Estonian cities. The bus stop is located close to the arrivals area. Read more <a href=\"https:\/\/airport.ee\/en\/public-transport\/\" target=\"_blank\" rel=\"noopener\"><span style=\"color: #0000ff;\"><em><strong>HERE<\/strong><\/em><\/span><\/a> about public transport opportunities and tickets.<\/p>\n<p><strong>Taxi:<\/strong><\/p>\n<p>The taxi pick-up area is located just in front of the passenger terminal. Official taxi partners of the airport by app are Bolt and Forus Taxi. Just download the app and get easily from one stop to another. Regular taxies that are waiting for you in front of the passenger terminal are Forus and Tallink Taxi. You can also call a taxi of another company; however, you should consider that the taxis of other companies can stop only in the \u201cKiss&amp;Fly\u201d parking area in the parking house. Read about taxi transport <span style=\"color: #0000ff;\"><em><strong><a style=\"color: #0000ff;\" href=\"https:\/\/airport.ee\/en\/taxi\/\" target=\"_blank\" rel=\"noopener\">HERE<\/a><\/strong><\/em><\/span><\/p>\n<p><strong>Car rental:<\/strong><\/p>\n<p>Estonia has a car-share system. Find and unlock a car with an app, get in and go. Special car park for car-sharing cars are BoltDrive and Citybee. Read more <span style=\"color: #0000ff;\"><em><strong><a style=\"color: #0000ff;\" href=\"https:\/\/airport.ee\/en\/taxi\/\" target=\"_blank\" rel=\"noopener\">HERE<\/a><\/strong><\/em><\/span><\/p>\n<p>If you are interested in renting a car then several rental car companies operate at Tallinn Airport. All rental car companies\u2019 desks and offices are located inside the airport public transport terminal. Look and find info <span style=\"color: #0000ff;\"><em><strong><a style=\"color: #0000ff;\" href=\"https:\/\/airport.ee\/en\/car-rentals\/\" target=\"_blank\" rel=\"noopener\">HERE<\/a><\/strong><\/em><\/span><\/p>\n<p><strong><u><img loading=\"lazy\" decoding=\"async\" class=\"alignnone size-medium wp-image-7706\" src=\"https:\/\/trixs.ee\/wp-content\/uploads\/2024\/11\/Old-City-Marina-night-1-300x158.jpg\" alt=\"\" width=\"300\" height=\"158\" srcset=\"https:\/\/www.trixs.ee\/wp-content\/uploads\/2024\/11\/Old-City-Marina-night-1-300x158.jpg 300w, https:\/\/www.trixs.ee\/wp-content\/uploads\/2024\/11\/Old-City-Marina-night-1-1024x540.jpg 1024w, https:\/\/www.trixs.ee\/wp-content\/uploads\/2024\/11\/Old-City-Marina-night-1-768x405.jpg 768w, https:\/\/www.trixs.ee\/wp-content\/uploads\/2024\/11\/Old-City-Marina-night-1-1536x809.jpg 1536w, https:\/\/www.trixs.ee\/wp-content\/uploads\/2024\/11\/Old-City-Marina-night-1-2048x1079.jpg 2048w\" sizes=\"auto, (max-width: 300px) 100vw, 300px\" \/>Port of Tallinn<\/u><\/strong><\/p>\n<p>Tallinn Old City Harbour includes passenger terminals A and D for regular ferry lines, cruise area for cruise passengers and Old City Marina for pleasure crafts.<\/p>\n<p>If you are travelling by ferry line to&nbsp;Port of Tallinn, then you have multiple options how to continue your trip.<\/p>\n<p>You can take taxi outside the terminal to your next destination.<\/p>\n<p>Another option is to use public transport. It may take more time but is great opportunity to have a glance at Tallinn. Info about public transport from terminal A or terminal D can be found&nbsp;<span style=\"color: #0000ff;\"><em><strong><a style=\"color: #0000ff;\" href=\"https:\/\/www.ts.ee\/en\/map\/\" target=\"_blank\" rel=\"noopener\">HERE.<\/a><\/strong><\/em><\/span><\/p>\n<p>Tallinn Old Town and City Center are close by to the port. It is 10 minute walk from the port to the heart of the City.<\/p>\n<p>More info about the Port of Tallinn is <span style=\"color: #0000ff;\"><em><strong><a style=\"color: #0000ff;\" href=\"https:\/\/www.ts.ee\/en\/map\/\" target=\"_blank\" rel=\"noopener\">HERE.<\/a><\/strong><\/em><\/span><\/p>\n<p>&nbsp;<\/p>\n<p><strong><u><img loading=\"lazy\" decoding=\"async\" class=\"alignnone size-medium wp-image-7708\" src=\"https:\/\/trixs.ee\/wp-content\/uploads\/2024\/11\/tallinn_central_bus_station-300x225.jpg\" alt=\"\" width=\"300\" height=\"225\" srcset=\"https:\/\/www.trixs.ee\/wp-content\/uploads\/2024\/11\/tallinn_central_bus_station-300x225.jpg 300w, https:\/\/www.trixs.ee\/wp-content\/uploads\/2024\/11\/tallinn_central_bus_station-381x285.jpg 381w, https:\/\/www.trixs.ee\/wp-content\/uploads\/2024\/11\/tallinn_central_bus_station.jpg 700w\" sizes=\"auto, (max-width: 300px) 100vw, 300px\" \/>Tallinn Bus Station<\/u><\/strong><\/p>\n<p>If you arrive to Tallinn by bus then outside the bus station are multiple options how to continue your trip. All the public transport opportunities are outside the station. Also possibility to use taxi. Find your best way<span style=\"color: #0000ff;\"><em><strong> <a style=\"color: #0000ff;\" href=\"http:\/\/www.bussijaam.ee\/en\/transport\/\" target=\"_blank\" rel=\"noopener\">HERE<\/a><\/strong><\/em><\/span>[\/vc_column_text][\/vc_column][\/vc_row]\n<\/div>","protected":false},"excerpt":{"rendered":"<p>[vc_row css=&#8221;.vc_custom_1682156853187{background-image: url(https:\/\/trixs.ee\/wp-content\/uploads\/2023\/04\/page__hero-bg-new-scaled.jpg?id=3787) !important;background-position: center !important;background-repeat: no-repeat !important;background-size: cover !important;}&#8221; el_class=&#8221;subhero&#8221;][vc_column][vc_custom_heading text=&#8221;ARRIVING IN TALLINN&#8221; font_container=&#8221;tag:h1|font_size:80px|text_align:left|color:%23ffffff|line_height:100px&#8221; google_fonts=&#8221;font_family:Muli%3A300%2C300italic%2Cregular%2Citalic|font_style:400%20regular%3A400%3Anormal&#8221; css=&#8221;.vc_custom_1731320217431{padding-top: 120px !important;padding-bottom: 40px !important;}&#8221;][\/vc_column][\/vc_row][vc_row css=&#8221;.vc_custom_1652269294084{padding-bottom: 25px !important;}&#8221;][vc_column][vc_column_text font_color=&#8221;#000000&#8243; font_size=&#8221;20px&#8221; line_height=&#8221;28px&#8221; font_weight=&#8221;500&#8243; css=&#8221;.vc_custom_1731514025385{padding-top: 25px !important;padding-bottom: 25px !important;}&#8221;]Tallinn Airport Tallinn Airport is located just 4 km from the city centre which makes the airport easily accessible. The airport is approachable&#8230;<\/p>\n","protected":false},"author":1,"featured_media":0,"parent":0,"menu_order":0,"comment_status":"closed","ping_status":"closed","template":"page-full.php","meta":{"_acf_changed":false,"inline_featured_image":false,"ngg_post_thumbnail":0,"footnotes":""},"class_list":["post-7640","page","type-page","status-publish","hentry"],"acf":[],"yoast_head":"<!-- This site is optimized with the Yoast SEO plugin v27.3 - https:\/\/yoast.com\/product\/yoast-seo-wordpress\/ -->\n<title>Arriving in Tallinn &#187; TRIXS - SELLE AASTA SUURIM TRIAL \u00dcRITUS!<\/title>\n<meta name=\"description\" content=\"Ekstreemseim motov\u00f5istlus Eestis - TRIXS! V\u00f5istlus toimub 26.Oktoober 2024, algusega 17:00. Ole kohal! Soeta pilet SIIT\" \/>\n<meta name=\"robots\" content=\"index, follow, max-snippet:-1, max-image-preview:large, max-video-preview:-1\" \/>\n<link rel=\"canonical\" href=\"https:\/\/www.trixs.ee\/en\/arriving-in-tallinn\/\" \/>\n<meta property=\"og:locale\" content=\"en_US\" \/>\n<meta property=\"og:type\" content=\"article\" \/>\n<meta property=\"og:title\" content=\"Arriving in Tallinn &#187; TRIXS - SELLE AASTA SUURIM TRIAL \u00dcRITUS!\" \/>\n<meta property=\"og:description\" content=\"Ekstreemseim motov\u00f5istlus Eestis - TRIXS! V\u00f5istlus toimub 26.Oktoober 2024, algusega 17:00. Ole kohal! Soeta pilet SIIT\" \/>\n<meta property=\"og:url\" content=\"https:\/\/www.trixs.ee\/en\/arriving-in-tallinn\/\" \/>\n<meta property=\"og:site_name\" content=\"TRIXS - SELLE AASTA SUURIM TRIAL \u00dcRITUS!\" \/>\n<meta property=\"article:modified_time\" content=\"2024-11-13T16:10:37+00:00\" \/>\n<meta property=\"og:image\" content=\"https:\/\/trixs.ee\/wp-content\/uploads\/2024\/11\/airport_hero-1-300x159.png\" \/>\n<meta name=\"twitter:card\" content=\"summary_large_image\" \/>\n<meta name=\"twitter:label1\" content=\"Est. reading time\" \/>\n\t<meta name=\"twitter:data1\" content=\"3 minutes\" \/>\n<script type=\"application\/ld+json\" class=\"yoast-schema-graph\">{\"@context\":\"https:\\\/\\\/schema.org\",\"@graph\":[{\"@type\":\"WebPage\",\"@id\":\"https:\\\/\\\/www.trixs.ee\\\/en\\\/arriving-in-tallinn\\\/\",\"url\":\"https:\\\/\\\/www.trixs.ee\\\/en\\\/arriving-in-tallinn\\\/\",\"name\":\"Arriving in Tallinn &#187; TRIXS - SELLE AASTA SUURIM TRIAL \u00dcRITUS!\",\"isPartOf\":{\"@id\":\"https:\\\/\\\/trixs.ee\\\/en\\\/#website\"},\"primaryImageOfPage\":{\"@id\":\"https:\\\/\\\/www.trixs.ee\\\/en\\\/arriving-in-tallinn\\\/#primaryimage\"},\"image\":{\"@id\":\"https:\\\/\\\/www.trixs.ee\\\/en\\\/arriving-in-tallinn\\\/#primaryimage\"},\"thumbnailUrl\":\"https:\\\/\\\/trixs.ee\\\/wp-content\\\/uploads\\\/2024\\\/11\\\/airport_hero-1-300x159.png\",\"datePublished\":\"2024-11-11T10:16:32+00:00\",\"dateModified\":\"2024-11-13T16:10:37+00:00\",\"description\":\"Ekstreemseim motov\u00f5istlus Eestis - TRIXS! V\u00f5istlus toimub 26.Oktoober 2024, algusega 17:00. Ole kohal! Soeta pilet SIIT\",\"breadcrumb\":{\"@id\":\"https:\\\/\\\/www.trixs.ee\\\/en\\\/arriving-in-tallinn\\\/#breadcrumb\"},\"inLanguage\":\"en-US\",\"potentialAction\":[{\"@type\":\"ReadAction\",\"target\":[\"https:\\\/\\\/www.trixs.ee\\\/en\\\/arriving-in-tallinn\\\/\"]}]},{\"@type\":\"ImageObject\",\"inLanguage\":\"en-US\",\"@id\":\"https:\\\/\\\/www.trixs.ee\\\/en\\\/arriving-in-tallinn\\\/#primaryimage\",\"url\":\"https:\\\/\\\/trixs.ee\\\/wp-content\\\/uploads\\\/2024\\\/11\\\/airport_hero-1-300x159.png\",\"contentUrl\":\"https:\\\/\\\/trixs.ee\\\/wp-content\\\/uploads\\\/2024\\\/11\\\/airport_hero-1-300x159.png\"},{\"@type\":\"BreadcrumbList\",\"@id\":\"https:\\\/\\\/www.trixs.ee\\\/en\\\/arriving-in-tallinn\\\/#breadcrumb\",\"itemListElement\":[{\"@type\":\"ListItem\",\"position\":1,\"name\":\"Home\",\"item\":\"https:\\\/\\\/trixs.ee\\\/en\\\/\"},{\"@type\":\"ListItem\",\"position\":2,\"name\":\"Arriving in Tallinn\"}]},{\"@type\":\"WebSite\",\"@id\":\"https:\\\/\\\/trixs.ee\\\/en\\\/#website\",\"url\":\"https:\\\/\\\/trixs.ee\\\/en\\\/\",\"name\":\"TRIXS - SELLE AASTA SUURIM TRIAL \u00dcRITUS!\",\"description\":\"TRIXS - SELLE AASTA SUURIM TRIAL \u00dcRITUS!\",\"potentialAction\":[{\"@type\":\"SearchAction\",\"target\":{\"@type\":\"EntryPoint\",\"urlTemplate\":\"https:\\\/\\\/trixs.ee\\\/en\\\/?s={search_term_string}\"},\"query-input\":{\"@type\":\"PropertyValueSpecification\",\"valueRequired\":true,\"valueName\":\"search_term_string\"}}],\"inLanguage\":\"en-US\"}]}<\/script>\n<!-- \/ Yoast SEO plugin. -->","yoast_head_json":{"title":"Arriving in Tallinn &#187; TRIXS - SELLE AASTA SUURIM TRIAL \u00dcRITUS!","description":"Ekstreemseim motov\u00f5istlus Eestis - TRIXS! V\u00f5istlus toimub 26.Oktoober 2024, algusega 17:00. Ole kohal! Soeta pilet SIIT","robots":{"index":"index","follow":"follow","max-snippet":"max-snippet:-1","max-image-preview":"max-image-preview:large","max-video-preview":"max-video-preview:-1"},"canonical":"https:\/\/www.trixs.ee\/en\/arriving-in-tallinn\/","og_locale":"en_US","og_type":"article","og_title":"Arriving in Tallinn &#187; TRIXS - SELLE AASTA SUURIM TRIAL \u00dcRITUS!","og_description":"Ekstreemseim motov\u00f5istlus Eestis - TRIXS! V\u00f5istlus toimub 26.Oktoober 2024, algusega 17:00. Ole kohal! Soeta pilet SIIT","og_url":"https:\/\/www.trixs.ee\/en\/arriving-in-tallinn\/","og_site_name":"TRIXS - SELLE AASTA SUURIM TRIAL \u00dcRITUS!","article_modified_time":"2024-11-13T16:10:37+00:00","og_image":[{"url":"https:\/\/trixs.ee\/wp-content\/uploads\/2024\/11\/airport_hero-1-300x159.png","type":"","width":"","height":""}],"twitter_card":"summary_large_image","twitter_misc":{"Est. reading time":"3 minutes"},"schema":{"@context":"https:\/\/schema.org","@graph":[{"@type":"WebPage","@id":"https:\/\/www.trixs.ee\/en\/arriving-in-tallinn\/","url":"https:\/\/www.trixs.ee\/en\/arriving-in-tallinn\/","name":"Arriving in Tallinn &#187; TRIXS - SELLE AASTA SUURIM TRIAL \u00dcRITUS!","isPartOf":{"@id":"https:\/\/trixs.ee\/en\/#website"},"primaryImageOfPage":{"@id":"https:\/\/www.trixs.ee\/en\/arriving-in-tallinn\/#primaryimage"},"image":{"@id":"https:\/\/www.trixs.ee\/en\/arriving-in-tallinn\/#primaryimage"},"thumbnailUrl":"https:\/\/trixs.ee\/wp-content\/uploads\/2024\/11\/airport_hero-1-300x159.png","datePublished":"2024-11-11T10:16:32+00:00","dateModified":"2024-11-13T16:10:37+00:00","description":"Ekstreemseim motov\u00f5istlus Eestis - TRIXS! V\u00f5istlus toimub 26.Oktoober 2024, algusega 17:00. Ole kohal! Soeta pilet SIIT","breadcrumb":{"@id":"https:\/\/www.trixs.ee\/en\/arriving-in-tallinn\/#breadcrumb"},"inLanguage":"en-US","potentialAction":[{"@type":"ReadAction","target":["https:\/\/www.trixs.ee\/en\/arriving-in-tallinn\/"]}]},{"@type":"ImageObject","inLanguage":"en-US","@id":"https:\/\/www.trixs.ee\/en\/arriving-in-tallinn\/#primaryimage","url":"https:\/\/trixs.ee\/wp-content\/uploads\/2024\/11\/airport_hero-1-300x159.png","contentUrl":"https:\/\/trixs.ee\/wp-content\/uploads\/2024\/11\/airport_hero-1-300x159.png"},{"@type":"BreadcrumbList","@id":"https:\/\/www.trixs.ee\/en\/arriving-in-tallinn\/#breadcrumb","itemListElement":[{"@type":"ListItem","position":1,"name":"Home","item":"https:\/\/trixs.ee\/en\/"},{"@type":"ListItem","position":2,"name":"Arriving in Tallinn"}]},{"@type":"WebSite","@id":"https:\/\/trixs.ee\/en\/#website","url":"https:\/\/trixs.ee\/en\/","name":"TRIXS - SELLE AASTA SUURIM TRIAL \u00dcRITUS!","description":"TRIXS - SELLE AASTA SUURIM TRIAL \u00dcRITUS!","potentialAction":[{"@type":"SearchAction","target":{"@type":"EntryPoint","urlTemplate":"https:\/\/trixs.ee\/en\/?s={search_term_string}"},"query-input":{"@type":"PropertyValueSpecification","valueRequired":true,"valueName":"search_term_string"}}],"inLanguage":"en-US"}]}},"_links":{"self":[{"href":"https:\/\/www.trixs.ee\/en\/wp-json\/wp\/v2\/pages\/7640","targetHints":{"allow":["GET"]}}],"collection":[{"href":"https:\/\/www.trixs.ee\/en\/wp-json\/wp\/v2\/pages"}],"about":[{"href":"https:\/\/www.trixs.ee\/en\/wp-json\/wp\/v2\/types\/page"}],"author":[{"embeddable":true,"href":"https:\/\/www.trixs.ee\/en\/wp-json\/wp\/v2\/users\/1"}],"replies":[{"embeddable":true,"href":"https:\/\/www.trixs.ee\/en\/wp-json\/wp\/v2\/comments?post=7640"}],"version-history":[{"count":5,"href":"https:\/\/www.trixs.ee\/en\/wp-json\/wp\/v2\/pages\/7640\/revisions"}],"predecessor-version":[{"id":7710,"href":"https:\/\/www.trixs.ee\/en\/wp-json\/wp\/v2\/pages\/7640\/revisions\/7710"}],"wp:attachment":[{"href":"https:\/\/www.trixs.ee\/en\/wp-json\/wp\/v2\/media?parent=7640"}],"curies":[{"name":"wp","href":"https:\/\/api.w.org\/{rel}","templated":true}]}}