{"id":5474,"date":"2024-09-20T12:49:25","date_gmt":"2024-09-20T09:49:25","guid":{"rendered":"https:\/\/trixs.ee\/scores\/2024-2\/"},"modified":"2024-09-20T12:50:17","modified_gmt":"2024-09-20T09:50:17","slug":"2023-2","status":"publish","type":"page","link":"https:\/\/www.trixs.ee\/en\/scores\/2023-2\/","title":{"rendered":"2023"},"content":{"rendered":"<div class=\"wpb-content-wrapper\">[vc_row css=&#8221;.vc_custom_1682156890978{background-image: url(https:\/\/trixs.ee\/wp-content\/uploads\/2023\/04\/page__hero-bg-new-scaled.jpg?id=3787) !important;background-position: center !important;background-repeat: no-repeat !important;background-size: cover !important;}&#8221; el_class=&#8221;subhero&#8221;][vc_column][vc_custom_heading text=&#8221;SCORES&#8221; font_container=&#8221;tag:h1|font_size:80px|text_align:left|color:%23ffffff|line_height:100px&#8221; google_fonts=&#8221;font_family:Muli%3A300%2C300italic%2Cregular%2Citalic|font_style:400%20regular%3A400%3Anormal&#8221; css=&#8221;.vc_custom_1682148016292{padding-top: 120px !important;padding-bottom: 40px !important;}&#8221;][\/vc_column][\/vc_row][vc_row][vc_column][vc_column_text el_class=&#8221;aasta&#8221;]<a href=\"#\">2023<\/a>[\/vc_column_text][vc_tabs style=&#8221;style_4&#8243;][vc_tab title=&#8221;Tulemused&#8221; tab_id=&#8221;b18987ce-0224-87cf8-79de&#8221;][vc_custom_heading text=&#8221;ROUND 1&#8243; font_container=&#8221;tag:h3|font_size:22px|text_align:left|color:%230a0a0a|line_height:25px&#8221; use_theme_fonts=&#8221;yes&#8221; el_class=&#8221;soit-title&#8221;][vc_raw_html]JTVCdGFibGUlMjBpZCUzRDQwJTIwcmVzcG9uc2l2ZSUzRHNjcm9sbCUyMHJlc3BvbnNpdmVfYnJlYWtwb2ludCUzRCUyMnBob25lJTIyJTIwJTJGJTVE[\/vc_raw_html][vc_custom_heading text=&#8221;DOUBLE 1&#8243; font_container=&#8221;tag:h3|font_size:22px|text_align:left|color:%230a0a0a|line_height:25px&#8221; use_theme_fonts=&#8221;yes&#8221; el_class=&#8221;soit-title&#8221;][vc_raw_html]JTVCdGFibGUlMjBpZCUzRDQ0JTIwcmVzcG9uc2l2ZSUzRHNjcm9sbCUyMHJlc3BvbnNpdmVfYnJlYWtwb2ludCUzRCUyMnBob25lJTIyJTIwJTJGJTVE[\/vc_raw_html][vc_custom_heading text=&#8221;DOUBLE 2&#8243; font_container=&#8221;tag:h3|font_size:22px|text_align:left|color:%230a0a0a|line_height:25px&#8221; use_theme_fonts=&#8221;yes&#8221; el_class=&#8221;soit-title&#8221;][vc_raw_html]JTVCdGFibGUlMjBpZCUzRDQ1JTIwcmVzcG9uc2l2ZSUzRHNjcm9sbCUyMHJlc3BvbnNpdmVfYnJlYWtwb2ludCUzRCUyMnBob25lJTIyJTIwJTJGJTVE[\/vc_raw_html][vc_custom_heading text=&#8221;DOUBLE 3&#8243; font_container=&#8221;tag:h3|font_size:22px|text_align:left|color:%230a0a0a|line_height:25px&#8221; use_theme_fonts=&#8221;yes&#8221; el_class=&#8221;soit-title&#8221;][vc_raw_html]JTVCdGFibGUlMjBpZCUzRDQzJTIwcmVzcG9uc2l2ZSUzRHNjcm9sbCUyMHJlc3BvbnNpdmVfYnJlYWtwb2ludCUzRCUyMnBob25lJTIyJTIwJTJGJTVE[\/vc_raw_html][vc_custom_heading text=&#8221;DOUBLE 4&#8243; font_container=&#8221;tag:h3|font_size:22px|text_align:left|color:%230a0a0a|line_height:25px&#8221; use_theme_fonts=&#8221;yes&#8221; el_class=&#8221;soit-title&#8221;][vc_raw_html]JTVCdGFibGUlMjBpZCUzRDU0JTIwcmVzcG9uc2l2ZSUzRHNjcm9sbCUyMHJlc3BvbnNpdmVfYnJlYWtwb2ludCUzRCUyMnBob25lJTIyJTIwJTJGJTVE[\/vc_raw_html][vc_custom_heading text=&#8221;ROUND 2&#8243; font_container=&#8221;tag:h3|font_size:22px|text_align:left|color:%230a0a0a|line_height:25px&#8221; use_theme_fonts=&#8221;yes&#8221; el_class=&#8221;soit-title&#8221;][vc_raw_html]JTVCdGFibGUlMjBpZCUzRDQxJTIwcmVzcG9uc2l2ZSUzRHNjcm9sbCUyMHJlc3BvbnNpdmVfYnJlYWtwb2ludCUzRCUyMnBob25lJTIyJTIwJTJGJTVE[\/vc_raw_html][vc_custom_heading text=&#8221;POINTS AFTER 2 ROUNDS&#8221; font_container=&#8221;tag:h3|font_size:22px|text_align:left|color:%230a0a0a|line_height:25px&#8221; use_theme_fonts=&#8221;yes&#8221; el_class=&#8221;soit-title&#8221;][vc_raw_html]JTVCdGFibGUlMjBpZCUzRDQ2JTIwcmVzcG9uc2l2ZSUzRHNjcm9sbCUyMHJlc3BvbnNpdmVfYnJlYWtwb2ludCUzRCUyMnBob25lJTIyJTIwJTJGJTVE[\/vc_raw_html][vc_custom_heading text=&#8221;FINAL 1&#8243; font_container=&#8221;tag:h3|font_size:22px|text_align:left|color:%230a0a0a|line_height:25px&#8221; use_theme_fonts=&#8221;yes&#8221; el_class=&#8221;soit-title&#8221;][vc_raw_html]JTVCdGFibGUlMjBpZCUzRDUwJTIwcmVzcG9uc2l2ZSUzRHNjcm9sbCUyMHJlc3BvbnNpdmVfYnJlYWtwb2ludCUzRCUyMnBob25lJTIyJTIwJTJGJTVE[\/vc_raw_html][vc_custom_heading text=&#8221;FINAL DOUBLE 1&#8243; font_container=&#8221;tag:h3|font_size:22px|text_align:left|color:%230a0a0a|line_height:25px&#8221; use_theme_fonts=&#8221;yes&#8221; el_class=&#8221;soit-title&#8221;][vc_raw_html]JTVCdGFibGUlMjBpZCUzRDQ3JTIwcmVzcG9uc2l2ZSUzRHNjcm9sbCUyMHJlc3BvbnNpdmVfYnJlYWtwb2ludCUzRCUyMnBob25lJTIyJTIwJTJGJTVE[\/vc_raw_html][vc_custom_heading text=&#8221;FINAL DOUBLE 2&#8243; font_container=&#8221;tag:h3|font_size:22px|text_align:left|color:%230a0a0a|line_height:25px&#8221; use_theme_fonts=&#8221;yes&#8221; el_class=&#8221;soit-title&#8221;][vc_raw_html]JTVCdGFibGUlMjBpZCUzRDQ4JTIwcmVzcG9uc2l2ZSUzRHNjcm9sbCUyMHJlc3BvbnNpdmVfYnJlYWtwb2ludCUzRCUyMnBob25lJTIyJTIwJTJGJTVE[\/vc_raw_html][vc_custom_heading text=&#8221;FINAL 2&#8243; font_container=&#8221;tag:h3|font_size:22px|text_align:left|color:%230a0a0a|line_height:25px&#8221; use_theme_fonts=&#8221;yes&#8221; el_class=&#8221;soit-title&#8221;][vc_raw_html]JTVCdGFibGUlMjBpZCUzRDUxJTIwcmVzcG9uc2l2ZSUzRHNjcm9sbCUyMHJlc3BvbnNpdmVfYnJlYWtwb2ludCUzRCUyMnBob25lJTIyJTIwJTJGJTVE[\/vc_raw_html][vc_custom_heading text=&#8221;FINAL RESULTS&#8221; font_container=&#8221;tag:h3|font_size:22px|text_align:left|color:%230a0a0a|line_height:25px&#8221; use_theme_fonts=&#8221;yes&#8221; el_class=&#8221;soit-title&#8221;][vc_raw_html]JTVCdGFibGUlMjBpZCUzRDUyJTIwcmVzcG9uc2l2ZSUzRHNjcm9sbCUyMHJlc3BvbnNpdmVfYnJlYWtwb2ludCUzRCUyMnBob25lJTIyJTIwJTJGJTVE[\/vc_raw_html][\/vc_tab][\/vc_tabs][\/vc_column][\/vc_row][vc_row enable_bot_shape_divider=&#8221;true&#8221; bot_shape_divider_color=&#8221;#000000&#8243; bot_shape_divider_height=&#8221;200&#8243; css=&#8221;.vc_custom_1650217301805{padding-top: 20px !important;padding-bottom: 200px !important;background-image: url(https:\/\/trixs.ee\/wp-content\/uploads\/2022\/04\/jalus-scaled.jpg?id=79) !important;background-position: center !important;background-repeat: no-repeat !important;background-size: cover !important;}&#8221; bot_shape_type=&#8221;tilt&#8221;][vc_column width=&#8221;2\/3&#8243;][vc_custom_heading text=&#8221;Liitu teavitustega&#8221; font_container=&#8221;tag:h5|font_size:80px|text_align:left|color:%23ffffff|line_height:100px&#8221; google_fonts=&#8221;font_family:Muli%3A300%2C300italic%2Cregular%2Citalic|font_style:400%20regular%3A400%3Anormal&#8221; css=&#8221;.vc_custom_1650217406391{padding-top: 20px !important;}&#8221; el_class=&#8221;liitu-jalus&#8221;][vc_custom_heading text=&#8221;Oluline info Trial Estoniaga seoses otse e-posti!&#8221; font_container=&#8221;tag:p|font_size:18px|text_align:left|color:%23ffffff|line_height:24px&#8221; google_fonts=&#8221;font_family:Muli%3A300%2C300italic%2Cregular%2Citalic|font_style:300%20light%20regular%3A300%3Anormal&#8221; el_class=&#8221;liitu-jalus-teaser&#8221;][\/vc_column][vc_column width=&#8221;1\/3&#8243;]<div class=\"creativo_cf7 cf_scope_1 full_width none\">\n<div class=\"wpcf7 no-js\" id=\"wpcf7-f89-o1\" lang=\"et\" dir=\"ltr\" data-wpcf7-id=\"89\">\n<div class=\"screen-reader-response\"><p role=\"status\" aria-live=\"polite\" aria-atomic=\"true\"><\/p> <ul><\/ul><\/div>\n<form action=\"\/en\/wp-json\/wp\/v2\/pages\/5474#wpcf7-f89-o1\" method=\"post\" class=\"wpcf7-form init\" aria-label=\"Contact form\" novalidate=\"novalidate\" data-status=\"init\">\n<fieldset class=\"hidden-fields-container\"><input type=\"hidden\" name=\"_wpcf7\" value=\"89\" \/><input type=\"hidden\" name=\"_wpcf7_version\" value=\"6.1.5\" \/><input type=\"hidden\" name=\"_wpcf7_locale\" value=\"et\" \/><input type=\"hidden\" name=\"_wpcf7_unit_tag\" value=\"wpcf7-f89-o1\" \/><input type=\"hidden\" name=\"_wpcf7_container_post\" value=\"0\" \/><input type=\"hidden\" name=\"_wpcf7_posted_data_hash\" value=\"\" \/>\n<\/fieldset>\n<div class=\"liitumine\">\n\t<p><span class=\"wpcf7-form-control-wrap\" data-name=\"email-840\"><input size=\"40\" maxlength=\"400\" class=\"wpcf7-form-control wpcf7-email wpcf7-validates-as-required wpcf7-text wpcf7-validates-as-email\" aria-required=\"true\" aria-invalid=\"false\" placeholder=\"Teie e-mail\" value=\"\" type=\"email\" name=\"email-840\" \/><\/span><input class=\"wpcf7-form-control wpcf7-submit has-spinner\" type=\"submit\" value=\"LIITU\" \/>\n\t<\/p>\n<\/div><div class=\"wpcf7-response-output\" aria-hidden=\"true\"><\/div>\n<\/form>\n<\/div>\n<\/div>[\/vc_column][\/vc_row]\n<\/div>","protected":false},"excerpt":{"rendered":"<p>[vc_row css=&#8221;.vc_custom_1682156890978{background-image: url(https:\/\/trixs.ee\/wp-content\/uploads\/2023\/04\/page__hero-bg-new-scaled.jpg?id=3787) !important;background-position: center !important;background-repeat: no-repeat !important;background-size: cover !important;}&#8221; el_class=&#8221;subhero&#8221;][vc_column][vc_custom_heading text=&#8221;SCORES&#8221; font_container=&#8221;tag:h1|font_size:80px|text_align:left|color:%23ffffff|line_height:100px&#8221; google_fonts=&#8221;font_family:Muli%3A300%2C300italic%2Cregular%2Citalic|font_style:400%20regular%3A400%3Anormal&#8221; css=&#8221;.vc_custom_1682148016292{padding-top: 120px !important;padding-bottom: 40px !important;}&#8221;][\/vc_column][\/vc_row][vc_row][vc_column][vc_column_text el_class=&#8221;aasta&#8221;]2023[\/vc_column_text][vc_tabs style=&#8221;style_4&#8243;][vc_tab title=&#8221;Tulemused&#8221; tab_id=&#8221;b18987ce-0224-87cf8-79de&#8221;][vc_custom_heading text=&#8221;ROUND 1&#8243; font_container=&#8221;tag:h3|font_size:22px|text_align:left|color:%230a0a0a|line_height:25px&#8221; use_theme_fonts=&#8221;yes&#8221; el_class=&#8221;soit-title&#8221;][vc_raw_html]JTVCdGFibGUlMjBpZCUzRDQwJTIwcmVzcG9uc2l2ZSUzRHNjcm9sbCUyMHJlc3BvbnNpdmVfYnJlYWtwb2ludCUzRCUyMnBob25lJTIyJTIwJTJGJTVE[\/vc_raw_html][vc_custom_heading text=&#8221;DOUBLE 1&#8243; font_container=&#8221;tag:h3|font_size:22px|text_align:left|color:%230a0a0a|line_height:25px&#8221; use_theme_fonts=&#8221;yes&#8221; el_class=&#8221;soit-title&#8221;][vc_raw_html]JTVCdGFibGUlMjBpZCUzRDQ0JTIwcmVzcG9uc2l2ZSUzRHNjcm9sbCUyMHJlc3BvbnNpdmVfYnJlYWtwb2ludCUzRCUyMnBob25lJTIyJTIwJTJGJTVE[\/vc_raw_html][vc_custom_heading text=&#8221;DOUBLE 2&#8243; font_container=&#8221;tag:h3|font_size:22px|text_align:left|color:%230a0a0a|line_height:25px&#8221; use_theme_fonts=&#8221;yes&#8221; el_class=&#8221;soit-title&#8221;][vc_raw_html]JTVCdGFibGUlMjBpZCUzRDQ1JTIwcmVzcG9uc2l2ZSUzRHNjcm9sbCUyMHJlc3BvbnNpdmVfYnJlYWtwb2ludCUzRCUyMnBob25lJTIyJTIwJTJGJTVE[\/vc_raw_html][vc_custom_heading text=&#8221;DOUBLE 3&#8243; font_container=&#8221;tag:h3|font_size:22px|text_align:left|color:%230a0a0a|line_height:25px&#8221; use_theme_fonts=&#8221;yes&#8221; el_class=&#8221;soit-title&#8221;][vc_raw_html]JTVCdGFibGUlMjBpZCUzRDQzJTIwcmVzcG9uc2l2ZSUzRHNjcm9sbCUyMHJlc3BvbnNpdmVfYnJlYWtwb2ludCUzRCUyMnBob25lJTIyJTIwJTJGJTVE[\/vc_raw_html][vc_custom_heading text=&#8221;DOUBLE 4&#8243; font_container=&#8221;tag:h3|font_size:22px|text_align:left|color:%230a0a0a|line_height:25px&#8221; use_theme_fonts=&#8221;yes&#8221; el_class=&#8221;soit-title&#8221;][vc_raw_html]JTVCdGFibGUlMjBpZCUzRDU0JTIwcmVzcG9uc2l2ZSUzRHNjcm9sbCUyMHJlc3BvbnNpdmVfYnJlYWtwb2ludCUzRCUyMnBob25lJTIyJTIwJTJGJTVE[\/vc_raw_html][vc_custom_heading text=&#8221;ROUND 2&#8243; font_container=&#8221;tag:h3|font_size:22px|text_align:left|color:%230a0a0a|line_height:25px&#8221; use_theme_fonts=&#8221;yes&#8221; el_class=&#8221;soit-title&#8221;][vc_raw_html]JTVCdGFibGUlMjBpZCUzRDQxJTIwcmVzcG9uc2l2ZSUzRHNjcm9sbCUyMHJlc3BvbnNpdmVfYnJlYWtwb2ludCUzRCUyMnBob25lJTIyJTIwJTJGJTVE[\/vc_raw_html][vc_custom_heading text=&#8221;POINTS AFTER&#8230;<\/p>\n","protected":false},"author":1,"featured_media":0,"parent":367,"menu_order":0,"comment_status":"closed","ping_status":"closed","template":"page-full.php","meta":{"_acf_changed":false,"inline_featured_image":false,"ngg_post_thumbnail":0,"footnotes":""},"class_list":["post-5474","page","type-page","status-publish","hentry"],"acf":[],"yoast_head":"<!-- This site is optimized with the Yoast SEO plugin v27.3 - https:\/\/yoast.com\/product\/yoast-seo-wordpress\/ -->\n<title>2023 &#187; TRIXS - SELLE AASTA SUURIM TRIAL \u00dcRITUS!<\/title>\n<meta name=\"description\" content=\"Ekstreemseim motov\u00f5istlus Eestis - TRIXS! V\u00f5istlus toimub 26.Oktoober 2024, algusega 17:00. Ole kohal! Soeta pilet SIIT\" \/>\n<meta name=\"robots\" content=\"index, follow, max-snippet:-1, max-image-preview:large, max-video-preview:-1\" \/>\n<link rel=\"canonical\" href=\"https:\/\/www.trixs.ee\/en\/scores\/2023-2\/\" \/>\n<meta property=\"og:locale\" content=\"en_US\" \/>\n<meta property=\"og:type\" content=\"article\" \/>\n<meta property=\"og:title\" content=\"2023 &#187; TRIXS - SELLE AASTA SUURIM TRIAL \u00dcRITUS!\" \/>\n<meta property=\"og:description\" content=\"Ekstreemseim motov\u00f5istlus Eestis - TRIXS! V\u00f5istlus toimub 26.Oktoober 2024, algusega 17:00. Ole kohal! Soeta pilet SIIT\" \/>\n<meta property=\"og:url\" content=\"https:\/\/www.trixs.ee\/en\/scores\/2023-2\/\" \/>\n<meta property=\"og:site_name\" content=\"TRIXS - SELLE AASTA SUURIM TRIAL \u00dcRITUS!\" \/>\n<meta property=\"article:modified_time\" content=\"2024-09-20T09:50:17+00:00\" \/>\n<meta name=\"twitter:card\" content=\"summary_large_image\" \/>\n<meta name=\"twitter:label1\" content=\"Est. reading time\" \/>\n\t<meta name=\"twitter:data1\" content=\"4 minutes\" \/>\n<script type=\"application\/ld+json\" class=\"yoast-schema-graph\">{\"@context\":\"https:\\\/\\\/schema.org\",\"@graph\":[{\"@type\":\"WebPage\",\"@id\":\"https:\\\/\\\/www.trixs.ee\\\/en\\\/scores\\\/2023-2\\\/\",\"url\":\"https:\\\/\\\/www.trixs.ee\\\/en\\\/scores\\\/2023-2\\\/\",\"name\":\"2023 &#187; TRIXS - SELLE AASTA SUURIM TRIAL \u00dcRITUS!\",\"isPartOf\":{\"@id\":\"https:\\\/\\\/trixs.ee\\\/en\\\/#website\"},\"datePublished\":\"2024-09-20T09:49:25+00:00\",\"dateModified\":\"2024-09-20T09:50:17+00:00\",\"description\":\"Ekstreemseim motov\u00f5istlus Eestis - TRIXS! V\u00f5istlus toimub 26.Oktoober 2024, algusega 17:00. Ole kohal! Soeta pilet SIIT\",\"breadcrumb\":{\"@id\":\"https:\\\/\\\/www.trixs.ee\\\/en\\\/scores\\\/2023-2\\\/#breadcrumb\"},\"inLanguage\":\"en-US\",\"potentialAction\":[{\"@type\":\"ReadAction\",\"target\":[\"https:\\\/\\\/www.trixs.ee\\\/en\\\/scores\\\/2023-2\\\/\"]}]},{\"@type\":\"BreadcrumbList\",\"@id\":\"https:\\\/\\\/www.trixs.ee\\\/en\\\/scores\\\/2023-2\\\/#breadcrumb\",\"itemListElement\":[{\"@type\":\"ListItem\",\"position\":1,\"name\":\"Home\",\"item\":\"https:\\\/\\\/trixs.ee\\\/en\\\/\"},{\"@type\":\"ListItem\",\"position\":2,\"name\":\"Scores\",\"item\":\"https:\\\/\\\/trixs.ee\\\/en\\\/scores\\\/\"},{\"@type\":\"ListItem\",\"position\":3,\"name\":\"2023\"}]},{\"@type\":\"WebSite\",\"@id\":\"https:\\\/\\\/trixs.ee\\\/en\\\/#website\",\"url\":\"https:\\\/\\\/trixs.ee\\\/en\\\/\",\"name\":\"TRIXS - SELLE AASTA SUURIM TRIAL \u00dcRITUS!\",\"description\":\"TRIXS - SELLE AASTA SUURIM TRIAL \u00dcRITUS!\",\"potentialAction\":[{\"@type\":\"SearchAction\",\"target\":{\"@type\":\"EntryPoint\",\"urlTemplate\":\"https:\\\/\\\/trixs.ee\\\/en\\\/?s={search_term_string}\"},\"query-input\":{\"@type\":\"PropertyValueSpecification\",\"valueRequired\":true,\"valueName\":\"search_term_string\"}}],\"inLanguage\":\"en-US\"}]}<\/script>\n<!-- \/ Yoast SEO plugin. -->","yoast_head_json":{"title":"2023 &#187; TRIXS - SELLE AASTA SUURIM TRIAL \u00dcRITUS!","description":"Ekstreemseim motov\u00f5istlus Eestis - TRIXS! V\u00f5istlus toimub 26.Oktoober 2024, algusega 17:00. Ole kohal! Soeta pilet SIIT","robots":{"index":"index","follow":"follow","max-snippet":"max-snippet:-1","max-image-preview":"max-image-preview:large","max-video-preview":"max-video-preview:-1"},"canonical":"https:\/\/www.trixs.ee\/en\/scores\/2023-2\/","og_locale":"en_US","og_type":"article","og_title":"2023 &#187; TRIXS - SELLE AASTA SUURIM TRIAL \u00dcRITUS!","og_description":"Ekstreemseim motov\u00f5istlus Eestis - TRIXS! V\u00f5istlus toimub 26.Oktoober 2024, algusega 17:00. Ole kohal! Soeta pilet SIIT","og_url":"https:\/\/www.trixs.ee\/en\/scores\/2023-2\/","og_site_name":"TRIXS - SELLE AASTA SUURIM TRIAL \u00dcRITUS!","article_modified_time":"2024-09-20T09:50:17+00:00","twitter_card":"summary_large_image","twitter_misc":{"Est. reading time":"4 minutes"},"schema":{"@context":"https:\/\/schema.org","@graph":[{"@type":"WebPage","@id":"https:\/\/www.trixs.ee\/en\/scores\/2023-2\/","url":"https:\/\/www.trixs.ee\/en\/scores\/2023-2\/","name":"2023 &#187; TRIXS - SELLE AASTA SUURIM TRIAL \u00dcRITUS!","isPartOf":{"@id":"https:\/\/trixs.ee\/en\/#website"},"datePublished":"2024-09-20T09:49:25+00:00","dateModified":"2024-09-20T09:50:17+00:00","description":"Ekstreemseim motov\u00f5istlus Eestis - TRIXS! V\u00f5istlus toimub 26.Oktoober 2024, algusega 17:00. Ole kohal! Soeta pilet SIIT","breadcrumb":{"@id":"https:\/\/www.trixs.ee\/en\/scores\/2023-2\/#breadcrumb"},"inLanguage":"en-US","potentialAction":[{"@type":"ReadAction","target":["https:\/\/www.trixs.ee\/en\/scores\/2023-2\/"]}]},{"@type":"BreadcrumbList","@id":"https:\/\/www.trixs.ee\/en\/scores\/2023-2\/#breadcrumb","itemListElement":[{"@type":"ListItem","position":1,"name":"Home","item":"https:\/\/trixs.ee\/en\/"},{"@type":"ListItem","position":2,"name":"Scores","item":"https:\/\/trixs.ee\/en\/scores\/"},{"@type":"ListItem","position":3,"name":"2023"}]},{"@type":"WebSite","@id":"https:\/\/trixs.ee\/en\/#website","url":"https:\/\/trixs.ee\/en\/","name":"TRIXS - SELLE AASTA SUURIM TRIAL \u00dcRITUS!","description":"TRIXS - SELLE AASTA SUURIM TRIAL \u00dcRITUS!","potentialAction":[{"@type":"SearchAction","target":{"@type":"EntryPoint","urlTemplate":"https:\/\/trixs.ee\/en\/?s={search_term_string}"},"query-input":{"@type":"PropertyValueSpecification","valueRequired":true,"valueName":"search_term_string"}}],"inLanguage":"en-US"}]}},"_links":{"self":[{"href":"https:\/\/www.trixs.ee\/en\/wp-json\/wp\/v2\/pages\/5474","targetHints":{"allow":["GET"]}}],"collection":[{"href":"https:\/\/www.trixs.ee\/en\/wp-json\/wp\/v2\/pages"}],"about":[{"href":"https:\/\/www.trixs.ee\/en\/wp-json\/wp\/v2\/types\/page"}],"author":[{"embeddable":true,"href":"https:\/\/www.trixs.ee\/en\/wp-json\/wp\/v2\/users\/1"}],"replies":[{"embeddable":true,"href":"https:\/\/www.trixs.ee\/en\/wp-json\/wp\/v2\/comments?post=5474"}],"version-history":[{"count":1,"href":"https:\/\/www.trixs.ee\/en\/wp-json\/wp\/v2\/pages\/5474\/revisions"}],"predecessor-version":[{"id":5475,"href":"https:\/\/www.trixs.ee\/en\/wp-json\/wp\/v2\/pages\/5474\/revisions\/5475"}],"up":[{"embeddable":true,"href":"https:\/\/www.trixs.ee\/en\/wp-json\/wp\/v2\/pages\/367"}],"wp:attachment":[{"href":"https:\/\/www.trixs.ee\/en\/wp-json\/wp\/v2\/media?parent=5474"}],"curies":[{"name":"wp","href":"https:\/\/api.w.org\/{rel}","templated":true}]}}