{"id":339,"date":"2022-04-08T07:23:56","date_gmt":"2022-04-08T04:23:56","guid":{"rendered":"https:\/\/trixs.ee\/galerii\/"},"modified":"2023-04-21T15:36:15","modified_gmt":"2023-04-21T12:36:15","slug":"gallery","status":"publish","type":"page","link":"https:\/\/www.trixs.ee\/en\/gallery\/","title":{"rendered":"Gallery"},"content":{"rendered":"<div class=\"wpb-content-wrapper\">[vc_row css=&#8221;.vc_custom_1650187276816{background-image: url(https:\/\/trixs.ee\/wp-content\/uploads\/2022\/04\/subpage-hero-scaled.jpg?id=60) !important;background-position: center !important;background-repeat: no-repeat !important;background-size: cover !important;}&#8221; el_class=&#8221;subhero&#8221;][vc_column][vc_custom_heading text=&#8221;GALLERY&#8221; font_container=&#8221;tag:h1|font_size:80px|text_align:left|color:%23ffffff|line_height:100px&#8221; google_fonts=&#8221;font_family:Muli%3A300%2C300italic%2Cregular%2Citalic|font_style:400%20regular%3A400%3Anormal&#8221; css=&#8221;.vc_custom_1682080575902{padding-top: 120px !important;padding-bottom: 40px !important;}&#8221;][\/vc_column][\/vc_row][vc_row][vc_column][vc_tta_tabs style=&#8221;flat&#8221; shape=&#8221;square&#8221; color=&#8221;black&#8221; spacing=&#8221;20&#8243; alignment=&#8221;center&#8221; active_section=&#8221;1&#8243; no_fill_content_area=&#8221;true&#8221; css=&#8221;.vc_custom_1651488321945{margin-top: 70px !important;margin-bottom: 60px !important;}&#8221;][vc_tta_section title=&#8221;PICTURES&#8221; tab_id=&#8221;1650187349438-3a150ba5-9cd8&#8243;][vc_gallery type=&#8221;image_grid&#8221; images=&#8221;3292,3290,3288,3285,3282,3280,3278,3276,3274,3272,3270,3268,3266,3264,3262,3260,3258,3256,3254,3252,3249,3247,3244,3242,3240,3238,3235,3233,3231,3229,3227,3225,3223,3221,3219,3217,3215,3213,3211,3209,3207,3205,3203,3201,3198,3196,3194,3192,3190,3188,3185,3182,3180,3178,3176,3174,3172,3170,3168,3166,3162,3160,3158,3156,3154,3152,3149,3147,3144,3142,3140,3138,3136,3134,3132,3129,3127,3125,3123,3120,3118,3116,3114,3112,3110,3108,3106,3104,3102,3100,3097,3095,3093,3091,3089,3087,3085,3082,3080,3078,3076,3074,3072,3070,3068,3066,3064,3062,3060,3058,3055,3053,3051,3049,3047,3045,3043,3041,3039,3037,3034,3032,3030,3028,3026,3024,3022,3020,3018,3015,3013,3011,3009,3007,3005,3003,3000,2998,2996,2994,2992,2990,2988,2986,2984,2982,2979,2977,2975,2973,2971,2968,2966,2964,2962,2960,2958,2956,2954,2952,2950,2948,2946,2944,2942,2940,2938,2936,2934,2932,2930,2928,2925,2923,2921,2919,2917,2915,2913,2911,2909,2907,2905,2903,2901,2899,2897,2895,2893,2891,2889,2886,2884,2882,2880,2878,2876,2874,2872,2870,2868,2866,2864,2862,2860,2858,2856,2854,2852,2850,2848,2846,2844,2842,2840,2837,2835,2833,2831,2829,2827,2825,2823,2821,2819,2817,2815,2812,2810,2808,2806,2804,2800,2798,2796,2794,2792,2790,2788,2786,2784,2781,2779,2777,2775,2772,2770,2768,2766,2764,2762,2760,2758,2756,2754,2752,2750,2748,2746,2744,2742,2740,2738,2736,2734,2732,2730,2728,2726,2724,2721,2719,2717,2715,2713,2711,2708,2706,2704,2702,2700,2698,2695,2693,2691,2689,2687,2685,2683,2681,2679,2677,2675,2672,2670,2668,2666,2664,2662,2660,2658,2656,2654,2652,2650,2648,2646,2644,2641,2639,2637,2635,2633,2631,2629,2627,2625,2623,2620,2618,2616,2614,2612,2610,2608,2606,2604,2602,2600,2598,2596,2594,2592,2589,2587,2585,2583,2581,2579,2577,2575,2573,2571,2569,2567,2565,2563,2561,2559,2557,2555,2553,2551,2549,2547,2545,2543,2541,2539,2537,2535,2533,2531,2529,2527,2525,2523,2521,2518,2516,2514,2512,2510,2508,2506,2504,2502,2500,2498,2496,2494,2492,2490,2488,2486,2484,2482,2480,2478,2476,2474,2472,2470,2468,2466,2464,2461,2459,2457,2455,2453,2451,2449,2447,2445,2443,2441,2439,2437,2435,2433,2431,2429,2427,2425,2423,2421,2419,2417,2415,2413,2411,2409,2407,2405,2403,2401,2399,2397,2395,2393,2391,2389,2387,2385,2383,2381,2379,2377,2375,2373,2371,2369,2367,2365,2363,2361,2359,2357,2354,2352,2350,2348,2346,2344,2342,2340,2338,2336,2334,2332,2330,2328,2326,2324,2322,2320,2318,2316,2314,2312,2310,2308,2306,2304,2302,2300,2298,2296,2294,2292,2290,2288,2286,2284,2282,2280,2278,2276,2274,2272,2270,2268,2266,2264,2262,2260,2258,2256,2254,2252,2250,2248,2246,2244,2242,2240,2238,2236,2234,2232,2230,2228,2226,2224,2222,2220,2218,2216,2214,2212,2210,2208,2205,2203,2201,2199,2197,2195,2193,2191,2189,2187,2185,2183,2181,2178,2176,2174,2172,2170,2168,2166,2164,2162,2160,2158,2156,2154,2152,2150,2148,2146,2144,2142,2140,2138,2136,2134,2132,2130,2128,2126,2124,2122,2120,2118,2116,2114,2112,2110,2108,2106,2104,2102,2100,2098,2096,2094,2092,2090,2088,2086,2084,2082,2080,2078,2076,2074,2072,2070,2068,2066,2064,2062,2060,2058,2056,2054,2052,2050,2048,2046,2044,2042,2040,2038,2036,2034,2032,2030,2028,2026,2024,2022,2020,2017,2015,2013,2011,2009,2007,2005,2003,2001,1999,1997,1995,1993,1991,1989,1987,1985,1983,1981,1979,1977,1975,1973,1971,1969,1967,1965,1963,1961,1959,1957,1955,1953,1951,1949,1947,1945,1943,1941,1939,1937,1935,1933,1931,1929,1927,1925,1923,1921,1919,1917,1915,1913,1911,1909,1907,1905,1903,1901,1899,1897,1895,1893,1891,1889,1887,1885,1883,1881,1879,1877,1875,1873,1871,1869&#8243; img_size=&#8221;380X250&#8243; slider_width=&#8221;100%&#8221;][\/vc_tta_section][vc_tta_section title=&#8221;VIDEOS&#8221; tab_id=&#8221;1650187349446-377b7a68-13bd&#8221;][vc_row_inner][vc_column_inner width=&#8221;1\/2&#8243;][vc_video link=&#8221;https:\/\/youtube.com\/shorts\/3TfT1VQzKN0?feature=share&#8221;][vc_video link=&#8221;https:\/\/youtube.com\/shorts\/OtEBDv12ZN4?feature=share&#8221;][vc_video link=&#8221;https:\/\/youtu.be\/7x2K5BfEs14&#8243;][vc_video link=&#8221;https:\/\/youtu.be\/6xjvZ3LadKY&#8221;][vc_video link=&#8221;https:\/\/youtu.be\/VGLu4YRvhxU&#8221;][\/vc_column_inner][vc_column_inner width=&#8221;1\/2&#8243;][vc_video link=&#8221;https:\/\/www.youtube.com\/watch?v=ICF0eAXpz3w&#8221; align=&#8221;right&#8221;][vc_video link=&#8221;https:\/\/youtube.com\/shorts\/sO9Vhxcnh4A?feature=share&#8221;][vc_video link=&#8221;https:\/\/youtu.be\/B7j68JaEZG4&#8243;][vc_video link=&#8221;https:\/\/youtu.be\/n3bL4Pft_70&#8243;][vc_video link=&#8221;https:\/\/youtu.be\/kM_CJUqdWRk&#8221;][\/vc_column_inner][\/vc_row_inner][\/vc_tta_section][vc_tta_section title=&#8221;SUPPORTERS&#8221; tab_id=&#8221;1650215125515-474b1b8a-d594&#8243;][vc_media_grid element_width=&#8221;2&#8243; gap=&#8221;35&#8243; item=&#8221;727&#8243; grid_id=&#8221;vc_gid:1682080541889-c89f45c1-7cea-3&#8243; include=&#8221;717,693,715,530,438,734,441,474,732,472,753,756,759,762,765,768,771,790,794,797,803,806&#8243;][\/vc_tta_section][\/vc_tta_tabs][\/vc_column][\/vc_row][vc_row enable_bot_shape_divider=&#8221;true&#8221; bot_shape_divider_color=&#8221;#000000&#8243; bot_shape_divider_height=&#8221;200&#8243; css=&#8221;.vc_custom_1650217301805{padding-top: 20px !important;padding-bottom: 200px !important;background-image: url(https:\/\/trixs.ee\/wp-content\/uploads\/2022\/04\/jalus-scaled.jpg?id=79) !important;background-position: center !important;background-repeat: no-repeat !important;background-size: cover !important;}&#8221; bot_shape_type=&#8221;tilt&#8221;][vc_column width=&#8221;2\/3&#8243;][vc_custom_heading text=&#8221;Liitu teavitustega&#8221; font_container=&#8221;tag:h5|font_size:80px|text_align:left|color:%23ffffff|line_height:100px&#8221; google_fonts=&#8221;font_family:Muli%3A300%2C300italic%2Cregular%2Citalic|font_style:400%20regular%3A400%3Anormal&#8221; css=&#8221;.vc_custom_1650217406391{padding-top: 20px !important;}&#8221; el_class=&#8221;liitu-jalus&#8221;][vc_custom_heading text=&#8221;Oluline info Trial Estoniaga seoses otse e-posti!&#8221; font_container=&#8221;tag:p|font_size:18px|text_align:left|color:%23ffffff|line_height:24px&#8221; google_fonts=&#8221;font_family:Muli%3A300%2C300italic%2Cregular%2Citalic|font_style:300%20light%20regular%3A300%3Anormal&#8221; el_class=&#8221;liitu-jalus-teaser&#8221;][\/vc_column][vc_column width=&#8221;1\/3&#8243;]<div class=\"creativo_cf7 cf_scope_1 full_width none\">\n<div class=\"wpcf7 no-js\" id=\"wpcf7-f89-o1\" lang=\"et\" dir=\"ltr\" data-wpcf7-id=\"89\">\n<div class=\"screen-reader-response\"><p role=\"status\" aria-live=\"polite\" aria-atomic=\"true\"><\/p> <ul><\/ul><\/div>\n<form action=\"\/en\/wp-json\/wp\/v2\/pages\/339#wpcf7-f89-o1\" method=\"post\" class=\"wpcf7-form init\" aria-label=\"Contact form\" novalidate=\"novalidate\" data-status=\"init\">\n<fieldset class=\"hidden-fields-container\"><input type=\"hidden\" name=\"_wpcf7\" value=\"89\" \/><input type=\"hidden\" name=\"_wpcf7_version\" value=\"6.1.5\" \/><input type=\"hidden\" name=\"_wpcf7_locale\" value=\"et\" \/><input type=\"hidden\" name=\"_wpcf7_unit_tag\" value=\"wpcf7-f89-o1\" \/><input type=\"hidden\" name=\"_wpcf7_container_post\" value=\"0\" \/><input type=\"hidden\" name=\"_wpcf7_posted_data_hash\" value=\"\" \/>\n<\/fieldset>\n<div class=\"liitumine\">\n\t<p><span class=\"wpcf7-form-control-wrap\" data-name=\"email-840\"><input size=\"40\" maxlength=\"400\" class=\"wpcf7-form-control wpcf7-email wpcf7-validates-as-required wpcf7-text wpcf7-validates-as-email\" aria-required=\"true\" aria-invalid=\"false\" placeholder=\"Teie e-mail\" value=\"\" type=\"email\" name=\"email-840\" \/><\/span><input class=\"wpcf7-form-control wpcf7-submit has-spinner\" type=\"submit\" value=\"LIITU\" \/>\n\t<\/p>\n<\/div><div class=\"wpcf7-response-output\" aria-hidden=\"true\"><\/div>\n<\/form>\n<\/div>\n<\/div>[\/vc_column][\/vc_row]\n<\/div>","protected":false},"excerpt":{"rendered":"<p>[vc_row css=&#8221;.vc_custom_1650187276816{background-image: url(https:\/\/trixs.ee\/wp-content\/uploads\/2022\/04\/subpage-hero-scaled.jpg?id=60) !important;background-position: center !important;background-repeat: no-repeat !important;background-size: cover !important;}&#8221; el_class=&#8221;subhero&#8221;][vc_column][vc_custom_heading text=&#8221;GALLERY&#8221; font_container=&#8221;tag:h1|font_size:80px|text_align:left|color:%23ffffff|line_height:100px&#8221; google_fonts=&#8221;font_family:Muli%3A300%2C300italic%2Cregular%2Citalic|font_style:400%20regular%3A400%3Anormal&#8221; css=&#8221;.vc_custom_1682080575902{padding-top: 120px !important;padding-bottom: 40px !important;}&#8221;][\/vc_column][\/vc_row][vc_row][vc_column][vc_tta_tabs style=&#8221;flat&#8221; shape=&#8221;square&#8221; color=&#8221;black&#8221; spacing=&#8221;20&#8243; alignment=&#8221;center&#8221; active_section=&#8221;1&#8243; no_fill_content_area=&#8221;true&#8221; css=&#8221;.vc_custom_1651488321945{margin-top: 70px !important;margin-bottom: 60px !important;}&#8221;][vc_tta_section title=&#8221;PICTURES&#8221; tab_id=&#8221;1650187349438-3a150ba5-9cd8&#8243;][vc_gallery type=&#8221;image_grid&#8221; images=&#8221;3292,3290,3288,3285,3282,3280,3278,3276,3274,3272,3270,3268,3266,3264,3262,3260,3258,3256,3254,3252,3249,3247,3244,3242,3240,3238,3235,3233,3231,3229,3227,3225,3223,3221,3219,3217,3215,3213,3211,3209,3207,3205,3203,3201,3198,3196,3194,3192,3190,3188,3185,3182,3180,3178,3176,3174,3172,3170,3168,3166,3162,3160,3158,3156,3154,3152,3149,3147,3144,3142,3140,3138,3136,3134,3132,3129,3127,3125,3123,3120,3118,3116,3114,3112,3110,3108,3106,3104,3102,3100,3097,3095,3093,3091,3089,3087,3085,3082,3080,3078,3076,3074,3072,3070,3068,3066,3064,3062,3060,3058,3055,3053,3051,3049,3047,3045,3043,3041,3039,3037,3034,3032,3030,3028,3026,3024,3022,3020,3018,3015,3013,3011,3009,3007,3005,3003,3000,2998,2996,2994,2992,2990,2988,2986,2984,2982,2979,2977,2975,2973,2971,2968,2966,2964,2962,2960,2958,2956,2954,2952,2950,2948,2946,2944,2942,2940,2938,2936,2934,2932,2930,2928,2925,2923,2921,2919,2917,2915,2913,2911,2909,2907,2905,2903,2901,2899,2897,2895,2893,2891,2889,2886,2884,2882,2880,2878,2876,2874,2872,2870,2868,2866,2864,2862,2860,2858,2856,2854,2852,2850,2848,2846,2844,2842,2840,2837,2835,2833,2831,2829,2827,2825,2823,2821,2819,2817,2815,2812,2810,2808,2806,2804,2800,2798,2796,2794,2792,2790,2788,2786,2784,2781,2779,2777,2775,2772,2770,2768,2766,2764,2762,2760,2758,2756,2754,2752,2750,2748,2746,2744,2742,2740,2738,2736,2734,2732,2730,2728,2726,2724,2721,2719,2717,2715,2713,2711,2708,2706,2704,2702,2700,2698,2695,2693,2691,2689,2687,2685,2683,2681,2679,2677,2675,2672,2670,2668,2666,2664,2662,2660,2658,2656,2654,2652,2650,2648,2646,2644,2641,2639,2637,2635,2633,2631,2629,2627,2625,2623,2620,2618,2616,2614,2612,2610,2608,2606,2604,2602,2600,2598,2596,2594,2592,2589,2587,2585,2583,2581,2579,2577,2575,2573,2571,2569,2567,2565,2563,2561,2559,2557,2555,2553,2551,2549,2547,2545,2543,2541,2539,2537,2535,2533,2531,2529,2527,2525,2523,2521,2518,2516,2514,2512,2510,2508,2506,2504,2502,2500,2498,2496,2494,2492,2490,2488,2486,2484,2482,2480,2478,2476,2474,2472,2470,2468,2466,2464,2461,2459,2457,2455,2453,2451,2449,2447,2445,2443,2441,2439,2437,2435,2433,2431,2429,2427,2425,2423,2421,2419,2417,2415,2413,2411,2409,2407,2405,2403,2401,2399,2397,2395,2393,2391,2389,2387,2385,2383,2381,2379,2377,2375,2373,2371,2369,2367,2365,2363,2361,2359,2357,2354,2352,2350,2348,2346,2344,2342,2340,2338,2336,2334,2332,2330,2328,2326,2324,2322,2320,2318,2316,2314,2312,2310,2308,2306,2304,2302,2300,2298,2296,2294,2292,2290,2288,2286,2284,2282,2280,2278,2276,2274,2272,2270,2268,2266,2264,2262,2260,2258,2256,2254,2252,2250,2248,2246,2244,2242,2240,2238,2236,2234,2232,2230,2228,2226,2224,2222,2220,2218,2216,2214,2212,2210,2208,2205,2203,2201,2199,2197,2195,2193,2191,2189,2187,2185,2183,2181,2178,2176,2174,2172,2170,2168,2166,2164,2162,2160,2158,2156,2154,2152,2150,2148,2146,2144,2142,2140,2138,2136,2134,2132,2130,2128,2126,2124,2122,2120,2118,2116,2114,2112,2110,2108,2106,2104,2102,2100,2098,2096,2094,2092,2090,2088,2086,2084,2082,2080,2078,2076,2074,2072,2070,2068,2066,2064,2062,2060,2058,2056,2054,2052,2050,2048,2046,2044,2042,2040,2038,2036,2034,2032,2030,2028,2026,2024,2022,2020,2017,2015,2013,2011,2009,2007,2005,2003,2001,1999,1997,1995,1993,1991,1989,1987,1985,1983,1981,1979,1977,1975,1973,1971,1969,1967,1965,1963,1961,1959,1957,1955,1953,1951,1949,1947,1945,1943,1941,1939,1937,1935,1933,1931,1929,1927,1925,1923,1921,1919,1917,1915,1913,1911,1909,1907,1905,1903,1901,1899,1897,1895,1893,1891,1889,1887,1885,1883,1881,1879,1877,1875,1873,1871,1869&#8243; img_size=&#8221;380X250&#8243; slider_width=&#8221;100%&#8221;][\/vc_tta_section][vc_tta_section title=&#8221;VIDEOS&#8221; tab_id=&#8221;1650187349446-377b7a68-13bd&#8221;][vc_row_inner][vc_column_inner width=&#8221;1\/2&#8243;][vc_video link=&#8221;https:\/\/youtube.com\/shorts\/3TfT1VQzKN0?feature=share&#8221;][vc_video link=&#8221;https:\/\/youtube.com\/shorts\/OtEBDv12ZN4?feature=share&#8221;][vc_video link=&#8221;https:\/\/youtu.be\/7x2K5BfEs14&#8243;][vc_video link=&#8221;https:\/\/youtu.be\/6xjvZ3LadKY&#8221;][vc_video link=&#8221;https:\/\/youtu.be\/VGLu4YRvhxU&#8221;][\/vc_column_inner][vc_column_inner width=&#8221;1\/2&#8243;][vc_video link=&#8221;https:\/\/www.youtube.com\/watch?v=ICF0eAXpz3w&#8221; align=&#8221;right&#8221;][vc_video link=&#8221;https:\/\/youtube.com\/shorts\/sO9Vhxcnh4A?feature=share&#8221;][vc_video link=&#8221;https:\/\/youtu.be\/B7j68JaEZG4&#8243;][vc_video link=&#8221;https:\/\/youtu.be\/n3bL4Pft_70&#8243;][vc_video link=&#8221;https:\/\/youtu.be\/kM_CJUqdWRk&#8221;][\/vc_column_inner][\/vc_row_inner][\/vc_tta_section][vc_tta_section title=&#8221;SUPPORTERS&#8221; tab_id=&#8221;1650215125515-474b1b8a-d594&#8243;][vc_media_grid element_width=&#8221;2&#8243;&#8230;<\/p>\n","protected":false},"author":1,"featured_media":0,"parent":0,"menu_order":0,"comment_status":"closed","ping_status":"closed","template":"page-full.php","meta":{"_acf_changed":false,"inline_featured_image":false,"ngg_post_thumbnail":0,"footnotes":""},"class_list":["post-339","page","type-page","status-publish","hentry"],"acf":[],"yoast_head":"<!-- This site is optimized with the Yoast SEO plugin v27.3 - https:\/\/yoast.com\/product\/yoast-seo-wordpress\/ -->\n<title>Gallery &#187; TRIXS - SELLE AASTA SUURIM TRIAL \u00dcRITUS!<\/title>\n<meta name=\"description\" content=\"Ekstreemseim motov\u00f5istlus Eestis - TRIXS! V\u00f5istlus toimub 26.Oktoober 2024, algusega 17:00. Ole kohal! Soeta pilet SIIT\" \/>\n<meta name=\"robots\" content=\"index, follow, max-snippet:-1, max-image-preview:large, max-video-preview:-1\" \/>\n<link rel=\"canonical\" href=\"https:\/\/trixs.ee\/en\/gallery\/\" \/>\n<meta property=\"og:locale\" content=\"en_US\" \/>\n<meta property=\"og:type\" content=\"article\" \/>\n<meta property=\"og:title\" content=\"Gallery &#187; TRIXS - SELLE AASTA SUURIM TRIAL \u00dcRITUS!\" \/>\n<meta property=\"og:description\" content=\"Ekstreemseim motov\u00f5istlus Eestis - TRIXS! V\u00f5istlus toimub 26.Oktoober 2024, algusega 17:00. Ole kohal! Soeta pilet SIIT\" \/>\n<meta property=\"og:url\" content=\"https:\/\/trixs.ee\/en\/gallery\/\" \/>\n<meta property=\"og:site_name\" content=\"TRIXS - SELLE AASTA SUURIM TRIAL \u00dcRITUS!\" \/>\n<meta property=\"article:modified_time\" content=\"2023-04-21T12:36:15+00:00\" \/>\n<meta name=\"twitter:card\" content=\"summary_large_image\" \/>\n<meta name=\"twitter:label1\" content=\"Est. reading time\" \/>\n\t<meta name=\"twitter:data1\" content=\"2 minutes\" \/>\n<script type=\"application\/ld+json\" class=\"yoast-schema-graph\">{\"@context\":\"https:\\\/\\\/schema.org\",\"@graph\":[{\"@type\":\"WebPage\",\"@id\":\"https:\\\/\\\/trixs.ee\\\/en\\\/gallery\\\/\",\"url\":\"https:\\\/\\\/trixs.ee\\\/en\\\/gallery\\\/\",\"name\":\"Gallery &#187; TRIXS - SELLE AASTA SUURIM TRIAL \u00dcRITUS!\",\"isPartOf\":{\"@id\":\"https:\\\/\\\/trixs.ee\\\/en\\\/#website\"},\"datePublished\":\"2022-04-08T04:23:56+00:00\",\"dateModified\":\"2023-04-21T12:36:15+00:00\",\"description\":\"Ekstreemseim motov\u00f5istlus Eestis - TRIXS! V\u00f5istlus toimub 26.Oktoober 2024, algusega 17:00. Ole kohal! Soeta pilet SIIT\",\"breadcrumb\":{\"@id\":\"https:\\\/\\\/trixs.ee\\\/en\\\/gallery\\\/#breadcrumb\"},\"inLanguage\":\"en-US\",\"potentialAction\":[{\"@type\":\"ReadAction\",\"target\":[\"https:\\\/\\\/trixs.ee\\\/en\\\/gallery\\\/\"]}]},{\"@type\":\"BreadcrumbList\",\"@id\":\"https:\\\/\\\/trixs.ee\\\/en\\\/gallery\\\/#breadcrumb\",\"itemListElement\":[{\"@type\":\"ListItem\",\"position\":1,\"name\":\"Home\",\"item\":\"https:\\\/\\\/trixs.ee\\\/en\\\/\"},{\"@type\":\"ListItem\",\"position\":2,\"name\":\"Gallery\"}]},{\"@type\":\"WebSite\",\"@id\":\"https:\\\/\\\/trixs.ee\\\/en\\\/#website\",\"url\":\"https:\\\/\\\/trixs.ee\\\/en\\\/\",\"name\":\"TRIXS - SELLE AASTA SUURIM TRIAL \u00dcRITUS!\",\"description\":\"TRIXS - SELLE AASTA SUURIM TRIAL \u00dcRITUS!\",\"potentialAction\":[{\"@type\":\"SearchAction\",\"target\":{\"@type\":\"EntryPoint\",\"urlTemplate\":\"https:\\\/\\\/trixs.ee\\\/en\\\/?s={search_term_string}\"},\"query-input\":{\"@type\":\"PropertyValueSpecification\",\"valueRequired\":true,\"valueName\":\"search_term_string\"}}],\"inLanguage\":\"en-US\"}]}<\/script>\n<!-- \/ Yoast SEO plugin. -->","yoast_head_json":{"title":"Gallery &#187; TRIXS - SELLE AASTA SUURIM TRIAL \u00dcRITUS!","description":"Ekstreemseim motov\u00f5istlus Eestis - TRIXS! V\u00f5istlus toimub 26.Oktoober 2024, algusega 17:00. Ole kohal! Soeta pilet SIIT","robots":{"index":"index","follow":"follow","max-snippet":"max-snippet:-1","max-image-preview":"max-image-preview:large","max-video-preview":"max-video-preview:-1"},"canonical":"https:\/\/trixs.ee\/en\/gallery\/","og_locale":"en_US","og_type":"article","og_title":"Gallery &#187; TRIXS - SELLE AASTA SUURIM TRIAL \u00dcRITUS!","og_description":"Ekstreemseim motov\u00f5istlus Eestis - TRIXS! V\u00f5istlus toimub 26.Oktoober 2024, algusega 17:00. Ole kohal! Soeta pilet SIIT","og_url":"https:\/\/trixs.ee\/en\/gallery\/","og_site_name":"TRIXS - SELLE AASTA SUURIM TRIAL \u00dcRITUS!","article_modified_time":"2023-04-21T12:36:15+00:00","twitter_card":"summary_large_image","twitter_misc":{"Est. reading time":"2 minutes"},"schema":{"@context":"https:\/\/schema.org","@graph":[{"@type":"WebPage","@id":"https:\/\/trixs.ee\/en\/gallery\/","url":"https:\/\/trixs.ee\/en\/gallery\/","name":"Gallery &#187; TRIXS - SELLE AASTA SUURIM TRIAL \u00dcRITUS!","isPartOf":{"@id":"https:\/\/trixs.ee\/en\/#website"},"datePublished":"2022-04-08T04:23:56+00:00","dateModified":"2023-04-21T12:36:15+00:00","description":"Ekstreemseim motov\u00f5istlus Eestis - TRIXS! V\u00f5istlus toimub 26.Oktoober 2024, algusega 17:00. Ole kohal! Soeta pilet SIIT","breadcrumb":{"@id":"https:\/\/trixs.ee\/en\/gallery\/#breadcrumb"},"inLanguage":"en-US","potentialAction":[{"@type":"ReadAction","target":["https:\/\/trixs.ee\/en\/gallery\/"]}]},{"@type":"BreadcrumbList","@id":"https:\/\/trixs.ee\/en\/gallery\/#breadcrumb","itemListElement":[{"@type":"ListItem","position":1,"name":"Home","item":"https:\/\/trixs.ee\/en\/"},{"@type":"ListItem","position":2,"name":"Gallery"}]},{"@type":"WebSite","@id":"https:\/\/trixs.ee\/en\/#website","url":"https:\/\/trixs.ee\/en\/","name":"TRIXS - SELLE AASTA SUURIM TRIAL \u00dcRITUS!","description":"TRIXS - SELLE AASTA SUURIM TRIAL \u00dcRITUS!","potentialAction":[{"@type":"SearchAction","target":{"@type":"EntryPoint","urlTemplate":"https:\/\/trixs.ee\/en\/?s={search_term_string}"},"query-input":{"@type":"PropertyValueSpecification","valueRequired":true,"valueName":"search_term_string"}}],"inLanguage":"en-US"}]}},"_links":{"self":[{"href":"https:\/\/www.trixs.ee\/en\/wp-json\/wp\/v2\/pages\/339","targetHints":{"allow":["GET"]}}],"collection":[{"href":"https:\/\/www.trixs.ee\/en\/wp-json\/wp\/v2\/pages"}],"about":[{"href":"https:\/\/www.trixs.ee\/en\/wp-json\/wp\/v2\/types\/page"}],"author":[{"embeddable":true,"href":"https:\/\/www.trixs.ee\/en\/wp-json\/wp\/v2\/users\/1"}],"replies":[{"embeddable":true,"href":"https:\/\/www.trixs.ee\/en\/wp-json\/wp\/v2\/comments?post=339"}],"version-history":[{"count":5,"href":"https:\/\/www.trixs.ee\/en\/wp-json\/wp\/v2\/pages\/339\/revisions"}],"predecessor-version":[{"id":3746,"href":"https:\/\/www.trixs.ee\/en\/wp-json\/wp\/v2\/pages\/339\/revisions\/3746"}],"wp:attachment":[{"href":"https:\/\/www.trixs.ee\/en\/wp-json\/wp\/v2\/media?parent=339"}],"curies":[{"name":"wp","href":"https:\/\/api.w.org\/{rel}","templated":true}]}}